{"id":5,"date":"2020-12-15T21:23:47","date_gmt":"2020-12-15T21:23:47","guid":{"rendered":"https:\/\/www.rutaskayakmenorca.com\/?page_id=3"},"modified":"2024-06-13T16:46:09","modified_gmt":"2024-06-13T16:46:09","slug":"informativa-sulla-privacy","status":"publish","type":"page","link":"https:\/\/www.rutaskayakmenorca.com\/it\/politica-privacidad\/","title":{"rendered":"Informativa sulla privacy"},"content":{"rendered":"<p>RKM Balearic Sports, S.L., societ\u00e0 domiciliata a Minorca (Spagna), con numero di identificazione fiscale: B02972032 (di seguito la societ\u00e0) \u00e8 il proprietario del sito web situato al dominio www.rutaskayakmenorca.com.<\/p>\n\n\n\n<p>L'informativa sulla privacy descritta di seguito si applica esclusivamente al presente sito web, intendendo con ci\u00f2 tutte le pagine e le sottopagine incluse nel dominio www.rutaskayakmenorca.com. L'azienda declina ogni responsabilit\u00e0 per le diverse politiche di privacy e di protezione dei dati personali che possono essere contenute nei siti web a cui si accede tramite i collegamenti ipertestuali presenti su questo sito e non gestiti direttamente dall'azienda.<\/p>\n\n\n\n<p>L'azienda desidera informare gli utenti di questo sito web che la presente dichiarazione riflette la politica di protezione dei dati personali seguita dall'azienda. Tale politica \u00e8 stata configurata in stretta osservanza della legislazione vigente in materia di protezione dei dati personali, ovvero, tra le altre, la Legge Organica 15\/1999, del 13 dicembre, sulla Protezione dei Dati Personali (di seguito LOPD) e il Regio Decreto 994\/1999, dell'11 giugno, che approva il Regolamento sulle misure di sicurezza degli archivi automatizzati contenenti dati personali (di seguito Regolamento 994\/1999).<\/p>\n\n\n\n<h2 class=\"wp-block-heading\"><strong>Raccolta di dati personali<\/strong><\/h2>\n\n\n\n<p>L'azienda non raccoglie volontariamente dati personali dagli utenti di questo sito web. Gli unici dati richiesti agli utenti sono quelli che l'utente fornisce volontariamente attraverso i diversi moduli presenti sul sito web. Di conseguenza, l'azienda avr\u00e0 a disposizione solo i dati personali degli utenti che desiderano fornirli volontariamente. Solo nei casi in cui l'Utente lo desideri, e sempre su base volontaria, potr\u00e0 comunicare i propri dati personali alla Societ\u00e0.<\/p>\n\n\n\n<p>Tali dati forniti volontariamente dall'utente potranno essere inseriti in un archivio automatizzato, registrato presso l'Agenzia spagnola per la protezione dei dati, di propriet\u00e0 della societ\u00e0. Di conseguenza, gli utenti che forniscono volontariamente alla societ\u00e0 i propri dati personali accettano espressamente il trattamento degli stessi al solo scopo di gestire la propria condizione di utenti registrati ai servizi di assistenza della societ\u00e0.<\/p>\n\n\n\n<p>In ogni caso, i dati raccolti saranno sempre trattati in conformit\u00e0 alla normativa vigente in materia di protezione dei dati personali.<\/p>\n\n\n\n<h3 class=\"wp-block-heading\"><strong>Commenti<\/strong><\/h3>\n\n\n\n<p>Quando i visitatori lasciano commenti sul sito, raccogliamo i dati visualizzati nel modulo di commento, nonch\u00e9 l'indirizzo IP del visitatore e la stringa dello user agent del browser per facilitare il rilevamento dello spam.<\/p>\n\n\n\n<p>Una stringa anonima creata dal vostro indirizzo e-mail (chiamata anche hash) pu\u00f2 essere fornita al servizio Gravatar per verificare se lo state utilizzando. L'informativa sulla privacy del servizio Gravatar \u00e8 disponibile qui: https:\/\/automattic.com\/privacy\/. Dopo l'approvazione del commento, l'immagine del profilo \u00e8 visibile al pubblico nel contesto del commento.<\/p>\n\n\n\n<h3 class=\"wp-block-heading\"><strong>Trasferimento dei diritti d'immagine<\/strong><\/h3>\n\n\n\n<p>Durante le attivit\u00e0 del tour in kayak, scattiamo foto e registriamo video in cui compaiono i nostri clienti. Queste immagini e questi video possono essere utilizzati per i seguenti scopi:<\/p>\n\n\n\n<ul class=\"wp-block-list\">\n<li>Pubblicit\u00e0 e promozione della nostra azienda.<\/li>\n\n\n\n<li>Pubblicazione sul nostro sito web.<\/li>\n\n\n\n<li>Diffusione sui nostri social network (Facebook, Instagram, Twitter, ecc.).<\/li>\n\n\n\n<li>Altri scopi legati alla promozione e al marketing dei nostri servizi.<\/li>\n<\/ul>\n\n\n\n<p>Partecipando alle nostre attivit\u00e0, acconsentite espressamente e con cognizione di causa all'utilizzo della vostra immagine e della vostra voce catturate durante l'attivit\u00e0 per gli scopi sopra menzionati. Tale consenso viene dato gratuitamente e senza limiti di tempo.<\/p>\n\n\n\n<h3 class=\"wp-block-heading\"><strong>Contenuti incorporati da altri siti web<\/strong><\/h3>\n\n\n\n<p>Gli articoli di questo sito web possono includere contenuti incorporati (ad esempio video, immagini, articoli, ecc.). I contenuti incorporati provenienti da altri siti web si comportano esattamente come se il visitatore avesse visitato l'altro sito web.<\/p>\n\n\n\n<p>Questi siti web possono raccogliere dati sull'utente, utilizzare cookie, incorporare un ulteriore tracciamento da parte di terzi e monitorare l'interazione dell'utente con il contenuto incorporato, compreso il tracciamento dell'interazione dell'utente con il contenuto incorporato se dispone di un account e ha effettuato l'accesso al sito web in questione.<\/p>\n\n\n\n<h2 class=\"wp-block-heading\"><strong>Misure di sicurezza&nbsp;<\/strong><\/h2>\n\n\n\n<p>I dati personali comunicati dall'Utente alla Societ\u00e0 possono essere conservati in banche dati automatizzate o non automatizzate, la cui titolarit\u00e0 spetta esclusivamente alla Societ\u00e0, che si assume tutte le misure tecniche, organizzative e di sicurezza atte a garantire la riservatezza, l'integrit\u00e0 e la qualit\u00e0 delle informazioni in esse contenute, in conformit\u00e0 alle disposizioni della LOPD e del Regolamento 994\/1999.<\/p>\n\n\n\n<p>La comunicazione tra gli utenti e l'azienda non utilizza un canale sicuro e i dati trasmessi non sono criptati. Gli utenti sono pertanto invitati a non inviare dati personali considerati particolarmente protetti ai sensi dell'articolo 7 della LOPD, in quanto le misure di sicurezza applicabili a un canale non sicuro lo rendono sconsigliabile.<\/p>\n\n\n\n<h2 class=\"wp-block-heading\"><strong>Finalit\u00e0 del trattamento dei dati&nbsp;<\/strong><\/h2>\n\n\n\n<p>I dati personali volontariamente comunicati dall'Utente saranno utilizzati solo per lo specifico scopo di gestire la sua condizione di utente registrato al servizio di assistenza e saranno trattati con la massima riservatezza, e saranno utilizzati solo per gli scopi per i quali sono stati raccolti e di cui l'Utente \u00e8 espressamente informato al momento della raccolta nella presente Informativa sulla privacy.<\/p>\n\n\n\n<h2 class=\"wp-block-heading\"><strong>Trasferimento dei dati<\/strong><\/h2>\n\n\n\n<p>I dati personali raccolti attraverso questo sito web non saranno trasferiti ad altri soggetti o societ\u00e0, ad eccezione dei soggetti e dei casi specifici in cui tale trasferimento \u00e8 previsto dalla LOPD.<\/p>\n\n\n\n<p>Gli utenti che comunicano volontariamente i propri dati alla societ\u00e0 attraverso il presente sito web acconsentono espressamente all'utilizzo di tali dati personali per l'invio di informazioni commerciali per via elettronica sui prodotti e servizi commercializzati dalla societ\u00e0, nel rigoroso rispetto di quanto previsto dalla normativa vigente in materia di Servizi della Societ\u00e0 dell'Informazione, per quanto riguarda le comunicazioni commerciali, a meno che non esprimano la propria opposizione.<\/p>\n\n\n\n<p>Allo stesso modo, gli Utenti che comunicano volontariamente i propri dati alla societ\u00e0 attraverso il presente Sito acconsentono espressamente all'utilizzo di tali dati personali per l'invio di informazioni commerciali, anche per via telematica, da parte di societ\u00e0 collegate alla societ\u00e0, la cui ragione sociale e attivit\u00e0 \u00e8 inserita nella pagina legale, nel rigoroso rispetto di quanto previsto dalla normativa vigente in materia di protezione dei dati personali e di Servizi della Societ\u00e0 dell'Informazione, a meno che non esprimano la propria opposizione.<\/p>\n\n\n\n<h2 class=\"wp-block-heading\"><strong>Qualit\u00e0 dei dati: diritti di accesso, opposizione, rettifica e cancellazione<\/strong><\/h2>\n\n\n\n<p>La societ\u00e0 si impegna a mantenere sempre aggiornati i dati personali che le sono stati forniti volontariamente dagli utenti di questo Sito web, in modo che rispecchino fedelmente l'identit\u00e0 e le caratteristiche personali di tali utenti. Pertanto, ogni Utente pu\u00f2 esercitare in qualsiasi momento il diritto di accesso, rettifica e, se del caso, cancellazione dei propri dati personali forniti alla Societ\u00e0, mediante comunicazione scritta indirizzata alla stessa.<\/p>\n\n\n\n<h2 class=\"wp-block-heading\">Chi siamo<\/h2>\n\n\n\n<p>L'indirizzo del nostro sito web \u00e8: https:\/\/www.rutaskayakmenorca.com.<\/p>\n\n\n\n<h2 class=\"wp-block-heading\">Quali dati personali raccogliamo e perch\u00e9 li raccogliamo<\/h2>\n\n\n\n<h3 class=\"wp-block-heading\">Moduli di contatto<\/h3>\n\n\n\n<h3 class=\"wp-block-heading\">Biscotti<\/h3>\n\n\n\n<p>Se lasciate un commento sul nostro sito, potete scegliere di salvare il vostro nome, indirizzo e-mail e sito web nei cookie. Questo per comodit\u00e0, in modo da non dover inserire nuovamente i vostri dati quando lasciate un altro commento. La durata di questi cookie \u00e8 di un anno.<\/p>\n\n\n\n<p>Se avete un account e accedete a questo sito, imposteremo un cookie temporaneo per determinare se il vostro browser accetta i cookie. Questo cookie non contiene dati personali e viene eliminato quando si chiude il browser.<\/p>\n\n\n\n<p>Quando si accede, vengono impostati anche alcuni cookie per memorizzare le informazioni di accesso e le opzioni di visualizzazione dello schermo. I cookie di accesso durano due giorni, mentre quelli delle opzioni di visualizzazione durano un anno. Se si seleziona \"Ricordami\", il login durer\u00e0 due settimane. Se si esce dal proprio account, i cookie di accesso verranno cancellati.<\/p>\n\n\n\n<p>Se modificate o pubblicate un articolo, nel vostro browser verr\u00e0 memorizzato un ulteriore cookie. Questo cookie non contiene dati personali e indica semplicemente l'ID dell'articolo appena modificato. Scade dopo 1 giorno.<\/p>\n\n\n\n<h3 class=\"wp-block-heading\">Contenuti incorporati da altri siti web<\/h3>\n\n\n\n<p>Gli articoli di questo sito possono includere contenuti incorporati (ad esempio video, immagini, articoli, ecc.). I contenuti incorporati provenienti da altri siti web si comportano esattamente come se il visitatore avesse visitato l'altro sito web.<\/p>\n\n\n\n<p>Questi siti web possono raccogliere dati sull'utente, utilizzare cookie, incorporare un ulteriore tracciamento da parte di terzi e monitorare l'interazione dell'utente con il contenuto incorporato, compreso il tracciamento dell'interazione dell'utente con il contenuto incorporato se dispone di un account e ha effettuato l'accesso al sito web in questione.<\/p>\n\n\n\n<h3 class=\"wp-block-heading\">Analisi<\/h3>\n\n\n\n<h2 class=\"wp-block-heading\">Con chi condividiamo i vostri dati<\/h2>\n\n\n\n<p>Se si richiede la reimpostazione della password, il proprio indirizzo IP sar\u00e0 incluso nell'e-mail di reimpostazione.<\/p>\n\n\n\n<h2 class=\"wp-block-heading\">Per quanto tempo conserviamo i vostri dati<\/h2>\n\n\n\n<p>Se si lascia un commento, il commento e i suoi metadati vengono conservati a tempo indeterminato. In questo modo possiamo riconoscere e approvare automaticamente i commenti successivi, anzich\u00e9 tenerli in una coda di moderazione.<\/p>\n\n\n\n<p>Per gli utenti che si registrano sul nostro sito web (se presenti), memorizziamo anche le informazioni personali fornite nel loro profilo utente. Tutti gli utenti possono visualizzare, modificare o cancellare le proprie informazioni personali in qualsiasi momento (ad eccezione del fatto che non possono modificare il proprio nome utente). Anche gli amministratori del sito possono visualizzare e modificare tali informazioni.<\/p>\n\n\n\n<h2 class=\"wp-block-heading\">Quali diritti avete sui vostri dati<\/h2>\n\n\n\n<p>Se avete un account o avete lasciato commenti su questo sito web, potete richiedere di ricevere un file di esportazione dei dati personali in nostro possesso, compresi i dati che ci avete fornito. Potete anche richiedere la cancellazione dei dati personali in nostro possesso. Ci\u00f2 non include i dati che siamo tenuti a conservare per scopi amministrativi, legali o di sicurezza.<\/p>\n\n\n\n<h2 class=\"wp-block-heading\">Dove inviamo i vostri dati<\/h2>\n\n\n\n<p>I commenti dei visitatori possono essere controllati da un servizio automatico di rilevamento dello spam.<\/p>","protected":false},"excerpt":{"rendered":"<p>RKM Balearic Sports, S.L., sociedad domiciliada en Menorca (Espa\u00f1a), con N.I.F.: B02972032 (en adelante la empresa) es la titular del Sitio Web ubicado en el Dominio www.rutaskayakmenorca.com. La pol\u00edtica de privacidad que se describe a continuaci\u00f3n s\u00f3lo es aplicable al presente Sitio Web, entendiendo como tal todas las p\u00e1ginas y subp\u00e1ginas incluidas en el Dominio [&hellip;]<\/p>\n","protected":false},"author":1,"featured_media":0,"parent":0,"menu_order":0,"comment_status":"closed","ping_status":"open","template":"","meta":{"_joinchat":[],"footnotes":""},"class_list":["post-5","page","type-page","status-publish","hentry"],"_links":{"self":[{"href":"https:\/\/www.rutaskayakmenorca.com\/it\/wp-json\/wp\/v2\/pages\/5","targetHints":{"allow":["GET"]}}],"collection":[{"href":"https:\/\/www.rutaskayakmenorca.com\/it\/wp-json\/wp\/v2\/pages"}],"about":[{"href":"https:\/\/www.rutaskayakmenorca.com\/it\/wp-json\/wp\/v2\/types\/page"}],"author":[{"embeddable":true,"href":"https:\/\/www.rutaskayakmenorca.com\/it\/wp-json\/wp\/v2\/users\/1"}],"replies":[{"embeddable":true,"href":"https:\/\/www.rutaskayakmenorca.com\/it\/wp-json\/wp\/v2\/comments?post=5"}],"version-history":[{"count":4,"href":"https:\/\/www.rutaskayakmenorca.com\/it\/wp-json\/wp\/v2\/pages\/5\/revisions"}],"predecessor-version":[{"id":3540,"href":"https:\/\/www.rutaskayakmenorca.com\/it\/wp-json\/wp\/v2\/pages\/5\/revisions\/3540"}],"wp:attachment":[{"href":"https:\/\/www.rutaskayakmenorca.com\/it\/wp-json\/wp\/v2\/media?parent=5"}],"curies":[{"name":"wp","href":"https:\/\/api.w.org\/{rel}","templated":true}]}}