{"id":5,"date":"2020-12-15T21:23:47","date_gmt":"2020-12-15T21:23:47","guid":{"rendered":"https:\/\/www.rutaskayakmenorca.com\/?page_id=3"},"modified":"2024-06-13T16:46:09","modified_gmt":"2024-06-13T16:46:09","slug":"politique-de-confidentialite","status":"publish","type":"page","link":"https:\/\/www.rutaskayakmenorca.com\/fr\/politica-privacidad\/","title":{"rendered":"Politique de confidentialit\u00e9"},"content":{"rendered":"<p>RKM Balearic Sports, S.L., soci\u00e9t\u00e9 domicili\u00e9e \u00e0 Minorque (Espagne), dont le num\u00e9ro d'identification fiscale est B02972032 (ci-apr\u00e8s d\u00e9nomm\u00e9e \"la soci\u00e9t\u00e9\"), est propri\u00e9taire du site Web situ\u00e9 dans le domaine www.rutaskayakmenorca.com.<\/p>\n\n\n\n<p>La politique de confidentialit\u00e9 d\u00e9crite ci-dessous est uniquement applicable \u00e0 ce site Web, c'est-\u00e0-dire \u00e0 toutes les pages et sous-pages incluses dans le domaine www.rutaskayakmenorca.com. L'entreprise d\u00e9cline toute responsabilit\u00e9 quant aux diff\u00e9rentes politiques de confidentialit\u00e9 et de protection des donn\u00e9es personnelles qui peuvent \u00eatre contenues dans les sites web auxquels on peut acc\u00e9der par les hyperliens situ\u00e9s sur ce site web et qui ne sont pas directement g\u00e9r\u00e9s par l'entreprise.<\/p>\n\n\n\n<p>L'entreprise souhaite informer les utilisateurs de ce site Web que la pr\u00e9sente d\u00e9claration refl\u00e8te la politique de protection des donn\u00e9es suivie par l'entreprise. Cette politique a \u00e9t\u00e9 \u00e9labor\u00e9e dans le strict respect de la l\u00e9gislation en vigueur en mati\u00e8re de protection des donn\u00e9es \u00e0 caract\u00e8re personnel, \u00e0 savoir, entre autres, la loi organique 15\/1999, du 13 d\u00e9cembre, relative \u00e0 la protection des donn\u00e9es \u00e0 caract\u00e8re personnel (ci-apr\u00e8s d\u00e9nomm\u00e9e \"LOPD\") et le d\u00e9cret royal 994\/1999, du 11 juin, portant approbation du r\u00e8glement relatif aux mesures de s\u00e9curit\u00e9 applicables aux fichiers automatis\u00e9s contenant des donn\u00e9es \u00e0 caract\u00e8re personnel (ci-apr\u00e8s d\u00e9nomm\u00e9 \"r\u00e8glement 994\/1999\").<\/p>\n\n\n\n<h2 class=\"wp-block-heading\"><strong>Collecte de donn\u00e9es \u00e0 caract\u00e8re personnel<\/strong><\/h2>\n\n\n\n<p>L'entreprise ne collecte pas volontairement de donn\u00e9es personnelles aupr\u00e8s des utilisateurs de ce site web. Les seules donn\u00e9es demand\u00e9es aux utilisateurs sont celles qu'ils fournissent volontairement par le biais des diff\u00e9rents formulaires du site. Par cons\u00e9quent, l'entreprise ne disposera que des donn\u00e9es personnelles des utilisateurs qui souhaitent volontairement les fournir. Ce n'est que dans les cas o\u00f9 l'utilisateur le souhaite, et toujours sur une base volontaire, qu'il pourra communiquer ses donn\u00e9es personnelles \u00e0 la soci\u00e9t\u00e9.<\/p>\n\n\n\n<p>Les donn\u00e9es fournies volontairement par l'utilisateur peuvent \u00eatre incorpor\u00e9es \u00e0 un fichier automatis\u00e9, inscrit \u00e0 l'Agence espagnole de protection des donn\u00e9es, dont l'entreprise est propri\u00e9taire. Par cons\u00e9quent, les utilisateurs qui fournissent volontairement leurs donn\u00e9es personnelles \u00e0 l'entreprise acceptent express\u00e9ment le traitement de ces derni\u00e8res dans le seul but de g\u00e9rer leur statut d'utilisateur enregistr\u00e9 des services d'assistance de l'entreprise.<\/p>\n\n\n\n<p>En tout \u00e9tat de cause, les donn\u00e9es collect\u00e9es seront toujours trait\u00e9es conform\u00e9ment \u00e0 la l\u00e9gislation en vigueur en mati\u00e8re de protection des donn\u00e9es \u00e0 caract\u00e8re personnel.<\/p>\n\n\n\n<h3 class=\"wp-block-heading\"><strong>Commentaires<\/strong><\/h3>\n\n\n\n<p>Lorsque les visiteurs laissent des commentaires sur le site, nous collectons les donn\u00e9es affich\u00e9es dans le formulaire de commentaire, ainsi que l'adresse IP du visiteur et la cha\u00eene de l'agent utilisateur du navigateur pour faciliter la d\u00e9tection des spams.<\/p>\n\n\n\n<p>Une cha\u00eene anonyme cr\u00e9\u00e9e \u00e0 partir de votre adresse \u00e9lectronique (\u00e9galement appel\u00e9e \"hash\") peut \u00eatre fournie au service Gravatar pour v\u00e9rifier si vous l'utilisez. La politique de confidentialit\u00e9 du service Gravatar est disponible ici : https:\/\/automattic.com\/privacy\/. Apr\u00e8s approbation de votre commentaire, votre photo de profil est visible par le public dans le contexte de votre commentaire.<\/p>\n\n\n\n<h3 class=\"wp-block-heading\"><strong>Transfert des droits d'image<\/strong><\/h3>\n\n\n\n<p>Pendant les activit\u00e9s de kayak, nous prenons des photos et enregistrons des vid\u00e9os dans les endroits o\u00f9 nos clients peuvent appara\u00eetre. Ces images et vid\u00e9os peuvent \u00eatre utilis\u00e9es aux fins suivantes :<\/p>\n\n\n\n<ul class=\"wp-block-list\">\n<li>Publicit\u00e9 et promotion de notre entreprise.<\/li>\n\n\n\n<li>Publication sur notre site web.<\/li>\n\n\n\n<li>Diffusion sur nos r\u00e9seaux sociaux (Facebook, Instagram, Twitter, etc.).<\/li>\n\n\n\n<li>Autres objectifs li\u00e9s \u00e0 la promotion et \u00e0 la commercialisation de nos services.<\/li>\n<\/ul>\n\n\n\n<p>En participant \u00e0 nos activit\u00e9s, vous consentez express\u00e9ment et en connaissance de cause \u00e0 ce que nous puissions utiliser votre image et votre voix capt\u00e9es lors de l'activit\u00e9 aux fins susmentionn\u00e9es. Ce consentement est donn\u00e9 gratuitement et sans limite de temps.<\/p>\n\n\n\n<h3 class=\"wp-block-heading\"><strong>Contenu int\u00e9gr\u00e9 d'autres sites web<\/strong><\/h3>\n\n\n\n<p>Les articles de ce site web peuvent inclure du contenu int\u00e9gr\u00e9 (par exemple des vid\u00e9os, des images, des articles, etc.). Le contenu int\u00e9gr\u00e9 provenant d'autres sites web se comporte exactement de la m\u00eame mani\u00e8re que si le visiteur avait visit\u00e9 l'autre site web.<\/p>\n\n\n\n<p>Ces sites web peuvent collecter des donn\u00e9es vous concernant, utiliser des cookies, int\u00e9grer un suivi suppl\u00e9mentaire de la part de tiers et surveiller votre interaction avec ce contenu int\u00e9gr\u00e9, y compris votre interaction avec le contenu int\u00e9gr\u00e9 si vous avez un compte et \u00eates connect\u00e9 \u00e0 ce site web.<\/p>\n\n\n\n<h2 class=\"wp-block-heading\"><strong>Mesures de s\u00e9curit\u00e9&nbsp;<\/strong><\/h2>\n\n\n\n<p>Les donn\u00e9es personnelles communiqu\u00e9es par l'utilisateur \u00e0 l'entreprise peuvent \u00eatre stock\u00e9es dans des bases de donn\u00e9es automatis\u00e9es ou non, dont la propri\u00e9t\u00e9 revient exclusivement \u00e0 l'entreprise, qui assume toutes les mesures techniques, organisationnelles et de s\u00e9curit\u00e9 garantissant la confidentialit\u00e9, l'int\u00e9grit\u00e9 et la qualit\u00e9 des informations qu'elles contiennent, conform\u00e9ment aux dispositions de la LOPD et du r\u00e8glement 994\/1999.<\/p>\n\n\n\n<p>La communication entre les utilisateurs et l'entreprise n'utilise pas un canal s\u00e9curis\u00e9 et les donn\u00e9es transmises ne sont pas crypt\u00e9es. Les utilisateurs sont donc pri\u00e9s de s'abstenir d'envoyer des donn\u00e9es personnelles consid\u00e9r\u00e9es comme des donn\u00e9es sp\u00e9cialement prot\u00e9g\u00e9es aux termes de l'article 7 de la LOPD, car les mesures de s\u00e9curit\u00e9 applicables \u00e0 un canal non s\u00e9curis\u00e9 le rendent d\u00e9conseill\u00e9.<\/p>\n\n\n\n<h2 class=\"wp-block-heading\"><strong>Finalit\u00e9 du traitement des donn\u00e9es&nbsp;<\/strong><\/h2>\n\n\n\n<p>Les donn\u00e9es personnelles communiqu\u00e9es volontairement par l'utilisateur ne seront utilis\u00e9es que dans le but sp\u00e9cifique de g\u00e9rer son statut d'utilisateur enregistr\u00e9 du service d'assistance et seront trait\u00e9es avec la plus grande confidentialit\u00e9, et ne seront utilis\u00e9es qu'aux fins pour lesquelles elles ont \u00e9t\u00e9 collect\u00e9es et dont l'utilisateur est express\u00e9ment inform\u00e9 au moment de la collecte dans la pr\u00e9sente politique de protection de la vie priv\u00e9e.<\/p>\n\n\n\n<h2 class=\"wp-block-heading\"><strong>Transfert de donn\u00e9es<\/strong><\/h2>\n\n\n\n<p>Les donn\u00e9es personnelles collect\u00e9es par le biais de ce site Web ne seront pas c\u00e9d\u00e9es \u00e0 d'autres sujets ou soci\u00e9t\u00e9s, sauf aux sujets et dans les cas sp\u00e9cifiques o\u00f9 cette cession est couverte par la LOPD.<\/p>\n\n\n\n<p>Les utilisateurs qui communiquent volontairement leurs donn\u00e9es \u00e0 l'entreprise \u00e0 travers ce site Web consentent express\u00e9ment \u00e0 l'utilisation de ces donn\u00e9es personnelles pour l'envoi d'informations commerciales par voie \u00e9lectronique sur les produits et services commercialis\u00e9s par l'entreprise, dans le strict respect des dispositions de la l\u00e9gislation en vigueur sur les services de la soci\u00e9t\u00e9 de l'information, en ce qui concerne les communications commerciales, \u00e0 moins qu'ils n'expriment leur opposition.<\/p>\n\n\n\n<p>De m\u00eame, les utilisateurs qui communiquent volontairement leurs donn\u00e9es \u00e0 l'entreprise par le biais de ce site Web consentent express\u00e9ment \u00e0 l'utilisation de ces donn\u00e9es personnelles pour l'envoi d'informations commerciales, y compris par voie \u00e9lectronique, de la part d'entreprises li\u00e9es \u00e0 l'entreprise, dont la raison sociale et l'activit\u00e9 sont incluses dans la page l\u00e9gale, dans le strict respect des dispositions de la l\u00e9gislation en vigueur sur la protection des donn\u00e9es personnelles et des services de la soci\u00e9t\u00e9 de l'information, \u00e0 moins qu'ils ne s'y opposent express\u00e9ment.<\/p>\n\n\n\n<h2 class=\"wp-block-heading\"><strong>Qualit\u00e9 des donn\u00e9es : droits d'acc\u00e8s, d'opposition, de rectification et d'effacement<\/strong><\/h2>\n\n\n\n<p>L'entreprise s'engage \u00e0 maintenir \u00e0 tout moment \u00e0 jour les donn\u00e9es personnelles qui lui sont volontairement fournies par les utilisateurs de ce site Web, afin qu'elles refl\u00e8tent fid\u00e8lement l'identit\u00e9 et les caract\u00e9ristiques personnelles desdits utilisateurs. Par cons\u00e9quent, tout utilisateur peut \u00e0 tout moment exercer son droit d'acc\u00e8s, de rectification et, le cas \u00e9ch\u00e9ant, d'annulation des donn\u00e9es personnelles fournies \u00e0 l'entreprise, par le biais d'une communication \u00e9crite adress\u00e9e \u00e0 l'entreprise.<\/p>\n\n\n\n<h2 class=\"wp-block-heading\">Qui sommes-nous ?<\/h2>\n\n\n\n<p>L'adresse de notre site web est la suivante : https:\/\/www.rutaskayakmenorca.com.<\/p>\n\n\n\n<h2 class=\"wp-block-heading\">Quelles sont les donn\u00e9es personnelles que nous recueillons et pourquoi nous les recueillons ?<\/h2>\n\n\n\n<h3 class=\"wp-block-heading\">Formulaires de contact<\/h3>\n\n\n\n<h3 class=\"wp-block-heading\">Cookies<\/h3>\n\n\n\n<p>Si vous laissez un commentaire sur notre site, vous pouvez choisir d'enregistrer votre nom, votre adresse \u00e9lectronique et votre site web dans des cookies. C'est pour votre commodit\u00e9, afin que vous n'ayez pas \u00e0 remplir \u00e0 nouveau vos coordonn\u00e9es lorsque vous laissez un autre commentaire. Ces cookies ont une dur\u00e9e de vie d'un an.<\/p>\n\n\n\n<p>Si vous avez un compte et que vous vous connectez \u00e0 ce site, nous installerons un cookie temporaire pour d\u00e9terminer si votre navigateur accepte les cookies. Ce cookie ne contient aucune donn\u00e9e personnelle et est supprim\u00e9 lorsque vous fermez votre navigateur.<\/p>\n\n\n\n<p>Lorsque vous vous connectez, nous installons \u00e9galement un certain nombre de cookies pour stocker vos informations de connexion et les options d'affichage de l'\u00e9cran. Les cookies de connexion ont une dur\u00e9e de vie de deux jours et les cookies d'options d'affichage ont une dur\u00e9e de vie d'un an. Si vous s\u00e9lectionnez \"Se souvenir de moi\", votre connexion durera deux semaines. Si vous vous d\u00e9connectez de votre compte, vos cookies de connexion seront supprim\u00e9s.<\/p>\n\n\n\n<p>Si vous modifiez ou publiez un article, un cookie suppl\u00e9mentaire sera enregistr\u00e9 dans votre navigateur. Ce cookie ne contient aucune donn\u00e9e personnelle et indique simplement l'identifiant de l'article que vous venez de modifier. Il expire au bout d'un jour.<\/p>\n\n\n\n<h3 class=\"wp-block-heading\">Contenu int\u00e9gr\u00e9 d'autres sites web<\/h3>\n\n\n\n<p>Les articles de ce site peuvent contenir du contenu int\u00e9gr\u00e9 (par exemple des vid\u00e9os, des images, des articles, etc.). Le contenu int\u00e9gr\u00e9 provenant d'autres sites web se comporte exactement de la m\u00eame mani\u00e8re que si le visiteur avait visit\u00e9 l'autre site web.<\/p>\n\n\n\n<p>Ces sites web peuvent collecter des donn\u00e9es vous concernant, utiliser des cookies, int\u00e9grer un suivi suppl\u00e9mentaire de la part de tiers et surveiller votre interaction avec ce contenu int\u00e9gr\u00e9, y compris votre interaction avec le contenu int\u00e9gr\u00e9 si vous avez un compte et \u00eates connect\u00e9 \u00e0 ce site web.<\/p>\n\n\n\n<h3 class=\"wp-block-heading\">Analyse<\/h3>\n\n\n\n<h2 class=\"wp-block-heading\">Avec qui nous partageons vos donn\u00e9es<\/h2>\n\n\n\n<p>Si vous demandez une r\u00e9initialisation de votre mot de passe, votre adresse IP sera incluse dans l'e-mail de r\u00e9initialisation.<\/p>\n\n\n\n<h2 class=\"wp-block-heading\">Dur\u00e9e de conservation des donn\u00e9es<\/h2>\n\n\n\n<p>Si vous laissez un commentaire, celui-ci et ses m\u00e9tadonn\u00e9es sont conserv\u00e9s ind\u00e9finiment. Cela nous permet de reconna\u00eetre et d'approuver automatiquement les commentaires successifs, plut\u00f4t que de les conserver dans une file d'attente de mod\u00e9ration.<\/p>\n\n\n\n<p>Pour les utilisateurs qui s'inscrivent sur notre site web (le cas \u00e9ch\u00e9ant), nous stockons \u00e9galement les informations personnelles qu'ils fournissent dans leur profil d'utilisateur. Tous les utilisateurs peuvent consulter, modifier ou supprimer leurs informations personnelles \u00e0 tout moment (sauf qu'ils ne peuvent pas changer leur nom d'utilisateur). Les administrateurs du site peuvent \u00e9galement consulter et modifier ces informations.<\/p>\n\n\n\n<h2 class=\"wp-block-heading\">Quels sont les droits dont vous disposez sur vos donn\u00e9es ?<\/h2>\n\n\n\n<p>Si vous avez un compte ou si vous avez laiss\u00e9 des commentaires sur ce site web, vous pouvez demander \u00e0 recevoir un fichier d'exportation des donn\u00e9es personnelles que nous d\u00e9tenons \u00e0 votre sujet, y compris toutes les donn\u00e9es que vous nous avez fournies. Vous pouvez \u00e9galement nous demander de supprimer toutes les donn\u00e9es \u00e0 caract\u00e8re personnel que nous d\u00e9tenons \u00e0 votre sujet. Cela n'inclut pas les donn\u00e9es que nous sommes tenus de conserver \u00e0 des fins administratives, juridiques ou de s\u00e9curit\u00e9.<\/p>\n\n\n\n<h2 class=\"wp-block-heading\">O\u00f9 nous envoyons vos donn\u00e9es<\/h2>\n\n\n\n<p>Les commentaires des visiteurs peuvent \u00eatre v\u00e9rifi\u00e9s par un service de d\u00e9tection automatique des spams.<\/p>","protected":false},"excerpt":{"rendered":"<p>RKM Balearic Sports, S.L., sociedad domiciliada en Menorca (Espa\u00f1a), con N.I.F.: B02972032 (en adelante la empresa) es la titular del Sitio Web ubicado en el Dominio www.rutaskayakmenorca.com. La pol\u00edtica de privacidad que se describe a continuaci\u00f3n s\u00f3lo es aplicable al presente Sitio Web, entendiendo como tal todas las p\u00e1ginas y subp\u00e1ginas incluidas en el Dominio [&hellip;]<\/p>\n","protected":false},"author":1,"featured_media":0,"parent":0,"menu_order":0,"comment_status":"closed","ping_status":"open","template":"","meta":{"_joinchat":[],"footnotes":""},"class_list":["post-5","page","type-page","status-publish","hentry"],"_links":{"self":[{"href":"https:\/\/www.rutaskayakmenorca.com\/fr\/wp-json\/wp\/v2\/pages\/5","targetHints":{"allow":["GET"]}}],"collection":[{"href":"https:\/\/www.rutaskayakmenorca.com\/fr\/wp-json\/wp\/v2\/pages"}],"about":[{"href":"https:\/\/www.rutaskayakmenorca.com\/fr\/wp-json\/wp\/v2\/types\/page"}],"author":[{"embeddable":true,"href":"https:\/\/www.rutaskayakmenorca.com\/fr\/wp-json\/wp\/v2\/users\/1"}],"replies":[{"embeddable":true,"href":"https:\/\/www.rutaskayakmenorca.com\/fr\/wp-json\/wp\/v2\/comments?post=5"}],"version-history":[{"count":4,"href":"https:\/\/www.rutaskayakmenorca.com\/fr\/wp-json\/wp\/v2\/pages\/5\/revisions"}],"predecessor-version":[{"id":3540,"href":"https:\/\/www.rutaskayakmenorca.com\/fr\/wp-json\/wp\/v2\/pages\/5\/revisions\/3540"}],"wp:attachment":[{"href":"https:\/\/www.rutaskayakmenorca.com\/fr\/wp-json\/wp\/v2\/media?parent=5"}],"curies":[{"name":"wp","href":"https:\/\/api.w.org\/{rel}","templated":true}]}}