{"id":4525,"date":"2026-04-12T10:02:25","date_gmt":"2026-04-12T10:02:25","guid":{"rendered":"https:\/\/www.rutaskayakmenorca.com\/?page_id=4525"},"modified":"2026-04-12T10:02:27","modified_gmt":"2026-04-12T10:02:27","slug":"avis-juridique","status":"publish","type":"page","link":"https:\/\/www.rutaskayakmenorca.com\/fr\/aviso-legal\/","title":{"rendered":"AVIS JURIDIQUE"},"content":{"rendered":"<p><strong>Derni\u00e8re mise \u00e0 jour :<\/strong> avril 2026<\/p>\n\n\n\n<hr class=\"wp-block-separator has-alpha-channel-opacity\"\/>\n\n\n\n<h2 class=\"wp-block-heading\">1. les donn\u00e9es permettant d'identifier le titulaire<\/h2>\n\n\n\n<p>Conform\u00e9ment \u00e0 la loi 34\/2002, du 11 juillet, sur les services de la soci\u00e9t\u00e9 de l'information et le commerce \u00e9lectronique (LSSI-CE), les informations suivantes sur le propri\u00e9taire de ce site Web sont fournies :<\/p>\n\n\n\n<ul class=\"wp-block-list\">\n<li><strong>Nom commercial :<\/strong> Rutas Kayak Menorca<\/li>\n\n\n\n<li><strong>Nom de l'entreprise :<\/strong> RKM Balearic Sports, S.L.<\/li>\n\n\n\n<li><strong>FNI :<\/strong> B02972032<\/li>\n\n\n\n<li><strong>Si\u00e8ge social :<\/strong> Platja de Cala en Porter, 18, 07730 Cala en Porter, Illes Balears<\/li>\n\n\n\n<li><strong>Registre du commerce :<\/strong> Inscrit au registre du commerce de Minorque, volume 185, folio 121, page IM-7258, inscription 1.<\/li>\n\n\n\n<li><strong>T\u00e9l\u00e9phone :<\/strong> +34 667 55 08 53<\/li>\n\n\n\n<li><strong>E-mail :<\/strong> info@rutaskayakmenorca.com<\/li>\n\n\n\n<li><strong>Site web :<\/strong> www.rutaskayakmenorca.com<\/li>\n<\/ul>\n\n\n\n<hr class=\"wp-block-separator has-alpha-channel-opacity\"\/>\n\n\n\n<h2 class=\"wp-block-heading\">2. L'objet<\/h2>\n\n\n\n<p>Le pr\u00e9sent avis juridique r\u00e9git l'acc\u00e8s et l'utilisation du site web www.rutaskayakmenorca.com (ci-apr\u00e8s, \u201cle site web\u201d). L'acc\u00e8s au site web conf\u00e8re la condition d'utilisateur et implique l'acceptation des conditions contenues dans le pr\u00e9sent avis.<\/p>\n\n\n\n<p>La passation de march\u00e9s de services est r\u00e9gie par la <a href=\"https:\/\/www.rutaskayakmenorca.com\/fr\/conditions-contractuelles\/\">Conditions g\u00e9n\u00e9rales d'utilisation<\/a>, Il s'agit d'un document distinct du pr\u00e9sent avis juridique.<\/p>\n\n\n\n<hr class=\"wp-block-separator has-alpha-channel-opacity\"\/>\n\n\n\n<h2 class=\"wp-block-heading\">3. Conditions d'utilisation<\/h2>\n\n\n\n<p>L'utilisateur s'engage \u00e0 utiliser le site web conform\u00e9ment \u00e0 la loi, au pr\u00e9sent avis juridique et aux bonnes pratiques. L'utilisateur s'abstient de :<\/p>\n\n\n\n<ul class=\"wp-block-list\">\n<li>Utiliser le site web \u00e0 des fins illicites, frauduleuses ou portant atteinte aux droits de tiers.<\/li>\n\n\n\n<li>Reproduire, distribuer ou modifier le contenu du site Web sans l'autorisation expresse de RKM Balearic Sports, S.L.<\/li>\n\n\n\n<li>Introduire des virus, des logiciels malveillants ou tout autre \u00e9l\u00e9ment susceptible d'endommager, d'alt\u00e9rer ou d'entraver le fonctionnement normal du site web.<\/li>\n\n\n\n<li>Tenter d'acc\u00e9der \u00e0 des zones restreintes du site web sans autorisation.<\/li>\n<\/ul>\n\n\n\n<hr class=\"wp-block-separator has-alpha-channel-opacity\"\/>\n\n\n\n<h2 class=\"wp-block-heading\">4. Propri\u00e9t\u00e9 intellectuelle et industrielle<\/h2>\n\n\n\n<p>Tous les contenus du site Web, y compris les textes, les images, les photographies, les graphiques, les vid\u00e9os, les logos, les ic\u00f4nes, le design et la structure, sont la propri\u00e9t\u00e9 de RKM Balearic Sports, S.L. ou sont utilis\u00e9s sous licence, et sont prot\u00e9g\u00e9s par la l\u00e9gislation en vigueur en mati\u00e8re de propri\u00e9t\u00e9 intellectuelle et industrielle.<\/p>\n\n\n\n<p>Rutas Kayak Menorca est une marque d\u00e9pos\u00e9e aupr\u00e8s de l'Office espagnol des brevets et des marques (OEPM). Sa reproduction, sa distribution, sa communication publique ou sa transformation sont interdites sans l'autorisation expresse de son propri\u00e9taire.<\/p>\n\n\n\n<p>Certaines images du site web peuvent \u00eatre soumises aux droits de tiers. Dans ce cas, elles sont publi\u00e9es avec l'autorisation correspondante ou dans le cadre des exceptions l\u00e9gales applicables.<\/p>\n\n\n\n<p>La navigation sur le site ne conf\u00e8re \u00e0 l'utilisateur aucun droit sur la propri\u00e9t\u00e9 intellectuelle ou industrielle des contenus.<\/p>\n\n\n\n<hr class=\"wp-block-separator has-alpha-channel-opacity\"\/>\n\n\n\n<h2 class=\"wp-block-heading\">5. Exclusion de garantie et de responsabilit\u00e9<\/h2>\n\n\n\n<p>RKM Balearic Sports, S.L. s'efforce de maintenir les informations du site Web \u00e0 jour et exactes, mais ne garantit pas l'absence d'erreurs ni la disponibilit\u00e9 continue et ininterrompue du site Web.<\/p>\n\n\n\n<p>RKM Balearic Sports, S.L. n'est pas responsable :<\/p>\n\n\n\n<ul class=\"wp-block-list\">\n<li>Les dommages r\u00e9sultant de l'utilisation que l'utilisateur fait du site web ou de l'impossibilit\u00e9 d'y acc\u00e9der.<\/li>\n\n\n\n<li>Erreurs ou omissions dans le contenu du site web.<\/li>\n\n\n\n<li>la pr\u00e9sence de virus ou d'\u00e9l\u00e9ments nuisibles susceptibles de provoquer des alt\u00e9rations dans les syst\u00e8mes informatiques de l'utilisateur.<\/li>\n\n\n\n<li>l'utilisation par des tiers des informations publi\u00e9es sur le site web.<\/li>\n<\/ul>\n\n\n\n<hr class=\"wp-block-separator has-alpha-channel-opacity\"\/>\n\n\n\n<h2 class=\"wp-block-heading\">6. Liens avec des tiers<\/h2>\n\n\n\n<p>Le site web peut contenir des liens vers des sites tiers (plateformes de r\u00e9servation, r\u00e9seaux sociaux, m\u00e9dias, etc.). RKM Balearic Sports, S.L. n'est pas responsable du contenu, des politiques de confidentialit\u00e9 ou des pratiques de ces sites externes. L'acc\u00e8s \u00e0 ces liens se fait aux risques et p\u00e9rils de l'utilisateur.<\/p>\n\n\n\n<hr class=\"wp-block-separator has-alpha-channel-opacity\"\/>\n\n\n\n<h2 class=\"wp-block-heading\">7. Protection des donn\u00e9es<\/h2>\n\n\n\n<p>RKM Balearic Sports, S.L. traite les donn\u00e9es personnelles des utilisateurs conform\u00e9ment au r\u00e8glement g\u00e9n\u00e9ral sur la protection des donn\u00e9es (UE) 2016\/679 et \u00e0 la loi organique 3\/2018, du 5 d\u00e9cembre, sur la protection des donn\u00e9es personnelles et la garantie des droits num\u00e9riques (LOPDGDD).<\/p>\n\n\n\n<p>Pour plus d'informations sur le traitement des donn\u00e9es, les finalit\u00e9s, les bases juridiques et l'exercice des droits, veuillez consulter notre site web. <a href=\"https:\/\/www.rutaskayakmenorca.com\/fr\/politique-de-confidentialite\/\">Politique de confidentialit\u00e9<\/a>.<\/p>\n\n\n\n<hr class=\"wp-block-separator has-alpha-channel-opacity\"\/>\n\n\n\n<h2 class=\"wp-block-heading\">8. Politique en mati\u00e8re de cookies<\/h2>\n\n\n\n<p>Le site web utilise ses propres cookies et ceux de tiers. Pour plus d'informations sur les cookies utilis\u00e9s, leur finalit\u00e9 et la mani\u00e8re de les g\u00e9rer, veuillez consulter notre site web. <a href=\"https:\/\/www.rutaskayakmenorca.com\/fr\/politique-en-matiere-de-cookies\/\">Politique en mati\u00e8re de cookies<\/a>.<\/p>\n\n\n\n<hr class=\"wp-block-separator has-alpha-channel-opacity\"\/>\n\n\n\n<h2 class=\"wp-block-heading\">9. Droit applicable et juridiction<\/h2>\n\n\n\n<p>Le pr\u00e9sent avis juridique est r\u00e9gi par la l\u00e9gislation espagnole. Pour tout litige d\u00e9coulant de l'acc\u00e8s ou de l'utilisation du site web, les deux parties se soumettent \u00e0 la juridiction des cours et tribunaux de Mah\u00f3n (Minorque), \u00e0 moins que la l\u00e9gislation applicable en mati\u00e8re de consommation ne d\u00e9termine une juridiction diff\u00e9rente.<\/p>\n\n\n\n<hr class=\"wp-block-separator has-alpha-channel-opacity\"\/>\n\n\n\n<h2 class=\"wp-block-heading\">10. Modifications<\/h2>\n\n\n\n<p>RKM Balearic Sports, S.L. se r\u00e9serve le droit de modifier cet avis juridique \u00e0 tout moment. Les modifications entreront en vigueur d\u00e8s leur publication sur le site web.<\/p>","protected":false},"excerpt":{"rendered":"<p>\u00daltima actualizaci\u00f3n: abril de 2026 1. Datos identificativos del titular En cumplimiento de la Ley 34\/2002, de 11 de julio, de Servicios de la Sociedad de la Informaci\u00f3n y de Comercio Electr\u00f3nico (LSSI-CE), se informan los siguientes datos del titular de este sitio web: 2. Objeto El presente Aviso Legal regula el acceso y uso [&hellip;]<\/p>\n","protected":false},"author":1,"featured_media":0,"parent":0,"menu_order":0,"comment_status":"closed","ping_status":"closed","template":"","meta":{"_joinchat":[],"footnotes":""},"class_list":["post-4525","page","type-page","status-publish","hentry"],"_links":{"self":[{"href":"https:\/\/www.rutaskayakmenorca.com\/fr\/wp-json\/wp\/v2\/pages\/4525","targetHints":{"allow":["GET"]}}],"collection":[{"href":"https:\/\/www.rutaskayakmenorca.com\/fr\/wp-json\/wp\/v2\/pages"}],"about":[{"href":"https:\/\/www.rutaskayakmenorca.com\/fr\/wp-json\/wp\/v2\/types\/page"}],"author":[{"embeddable":true,"href":"https:\/\/www.rutaskayakmenorca.com\/fr\/wp-json\/wp\/v2\/users\/1"}],"replies":[{"embeddable":true,"href":"https:\/\/www.rutaskayakmenorca.com\/fr\/wp-json\/wp\/v2\/comments?post=4525"}],"version-history":[{"count":1,"href":"https:\/\/www.rutaskayakmenorca.com\/fr\/wp-json\/wp\/v2\/pages\/4525\/revisions"}],"predecessor-version":[{"id":4531,"href":"https:\/\/www.rutaskayakmenorca.com\/fr\/wp-json\/wp\/v2\/pages\/4525\/revisions\/4531"}],"wp:attachment":[{"href":"https:\/\/www.rutaskayakmenorca.com\/fr\/wp-json\/wp\/v2\/media?parent=4525"}],"curies":[{"name":"wp","href":"https:\/\/api.w.org\/{rel}","templated":true}]}}