{"id":31,"date":"2020-12-15T22:56:29","date_gmt":"2020-12-15T22:56:29","guid":{"rendered":"https:\/\/www.rutaskayakmenorca.com\/?page_id=31"},"modified":"2026-04-02T12:29:08","modified_gmt":"2026-04-02T12:29:08","slug":"qui-nous-sommes","status":"publish","type":"page","link":"https:\/\/www.rutaskayakmenorca.com\/fr\/quienes-somos\/","title":{"rendered":"Qui sommes-nous ?"},"content":{"rendered":"\t\t<div data-elementor-type=\"wp-page\" data-elementor-id=\"31\" class=\"elementor elementor-31\" data-elementor-post-type=\"page\">\n\t\t\t\t\t\t<section class=\"elementor-section elementor-top-section elementor-element elementor-element-20c4f91 elementor-section-height-min-height elementor-section-boxed elementor-section-height-default elementor-section-items-middle\" data-id=\"20c4f91\" data-element_type=\"section\" data-e-type=\"section\" data-settings=\"{&quot;background_background&quot;:&quot;classic&quot;}\">\n\t\t\t\t\t\t<div class=\"elementor-container elementor-column-gap-default\">\n\t\t\t\t\t<div class=\"elementor-column elementor-col-100 elementor-top-column elementor-element elementor-element-ddfeb4a\" data-id=\"ddfeb4a\" data-element_type=\"column\" data-e-type=\"column\">\n\t\t\t<div class=\"elementor-widget-wrap elementor-element-populated\">\n\t\t\t\t\t\t<div class=\"elementor-element elementor-element-267463b elementor-widget elementor-widget-heading\" data-id=\"267463b\" data-element_type=\"widget\" data-e-type=\"widget\" data-widget_type=\"heading.default\">\n\t\t\t\t<div class=\"elementor-widget-container\">\n\t\t\t\t\t<h1 class=\"elementor-heading-title elementor-size-default\">Qui\u00e9nes somos<\/h1>\t\t\t\t<\/div>\n\t\t\t\t<\/div>\n\t\t\t\t\t<\/div>\n\t\t<\/div>\n\t\t\t\t\t<\/div>\n\t\t<\/section>\n\t\t\t\t<section class=\"elementor-section elementor-top-section elementor-element elementor-element-779ed2e elementor-section-boxed elementor-section-height-default elementor-section-height-default\" data-id=\"779ed2e\" data-element_type=\"section\" data-e-type=\"section\">\n\t\t\t\t\t\t<div class=\"elementor-container elementor-column-gap-default\">\n\t\t\t\t\t<div class=\"elementor-column elementor-col-50 elementor-top-column elementor-element elementor-element-8a09a83\" data-id=\"8a09a83\" data-element_type=\"column\" data-e-type=\"column\">\n\t\t\t<div class=\"elementor-widget-wrap elementor-element-populated\">\n\t\t\t\t\t\t<div class=\"elementor-element elementor-element-416237a elementor-widget elementor-widget-image\" data-id=\"416237a\" data-element_type=\"widget\" data-e-type=\"widget\" data-widget_type=\"image.default\">\n\t\t\t\t<div class=\"elementor-widget-container\">\n\t\t\t\t\t\t\t\t\t\t\t\t\t\t\t<img fetchpriority=\"high\" decoding=\"async\" width=\"724\" height=\"724\" src=\"https:\/\/www.rutaskayakmenorca.com\/wp-content\/uploads\/2020\/12\/foto-fundadores.webp\" class=\"attachment-full size-full wp-image-332\" alt=\"Gabriel y Jordi, fundadores de Rutas Kayak Menorca, en la costa sur de Menorca\" srcset=\"https:\/\/www.rutaskayakmenorca.com\/wp-content\/uploads\/2020\/12\/foto-fundadores.webp 724w, https:\/\/www.rutaskayakmenorca.com\/wp-content\/uploads\/2020\/12\/foto-fundadores-300x300.webp 300w, https:\/\/www.rutaskayakmenorca.com\/wp-content\/uploads\/2020\/12\/foto-fundadores-150x150.webp 150w, https:\/\/www.rutaskayakmenorca.com\/wp-content\/uploads\/2020\/12\/foto-fundadores-12x12.webp 12w\" sizes=\"(max-width: 724px) 100vw, 724px\" \/>\t\t\t\t\t\t\t\t\t\t\t\t\t\t\t<\/div>\n\t\t\t\t<\/div>\n\t\t\t\t\t<\/div>\n\t\t<\/div>\n\t\t\t\t<div class=\"elementor-column elementor-col-50 elementor-top-column elementor-element elementor-element-412dcc5\" data-id=\"412dcc5\" data-element_type=\"column\" data-e-type=\"column\">\n\t\t\t<div class=\"elementor-widget-wrap elementor-element-populated\">\n\t\t\t\t\t\t<div class=\"elementor-element elementor-element-c06a595 elementor-widget elementor-widget-heading\" data-id=\"c06a595\" data-element_type=\"widget\" data-e-type=\"widget\" data-widget_type=\"heading.default\">\n\t\t\t\t<div class=\"elementor-widget-container\">\n\t\t\t\t\t<h2 class=\"elementor-heading-title elementor-size-default\">\u00a1Bienvenidos a Rutas Kayak Menorca!<\/h2>\t\t\t\t<\/div>\n\t\t\t\t<\/div>\n\t\t\t\t<div class=\"elementor-element elementor-element-d51f007 elementor-widget elementor-widget-text-editor\" data-id=\"d51f007\" data-element_type=\"widget\" data-e-type=\"widget\" data-widget_type=\"text-editor.default\">\n\t\t\t\t<div class=\"elementor-widget-container\">\n\t\t\t\t\t\t\t\t\t<p class=\"font-claude-response-body break-words whitespace-normal leading-[1.7]\">Somos Gabriel y Jordi, dos hermanos con ra\u00edces menorquinas y enamorados de Menorca. Desde que \u00e9ramos ni\u00f1os, nuestros d\u00edas se llenaban de aventuras navegando por sus aguas cristalinas, explorando sus calas secretas y respirando la esencia \u00fanica de la isla<\/p><p class=\"font-claude-response-body break-words whitespace-normal leading-[1.7]\">En 2020 decidimos convertir todo eso en Rutas Kayak Menorca: una forma de compartir con vosotros lo que conocemos desde ni\u00f1os. Las cuevas marinas de la costa sur, los acantilados, el snorkel en aguas que parecen de otro planeta. Todo lo que hace que Menorca sea Menorca, visto desde un kayak.<\/p><p class=\"font-claude-response-body break-words whitespace-normal leading-[1.7]\">Desde entonces, m\u00e1s de 27.000 personas han vivido la experiencia con nosotros. Y cada temporada nos sigue emocionando como la primera.<\/p>\t\t\t\t\t\t\t\t<\/div>\n\t\t\t\t<\/div>\n\t\t\t\t<div class=\"elementor-element elementor-element-6d4c7d7 elementor-widget elementor-widget-heading\" data-id=\"6d4c7d7\" data-element_type=\"widget\" data-e-type=\"widget\" data-widget_type=\"heading.default\">\n\t\t\t\t<div class=\"elementor-widget-container\">\n\t\t\t\t\t<h2 class=\"elementor-heading-title elementor-size-default\">\u00bfPor qu\u00e9 elegirnos?<\/h2>\t\t\t\t<\/div>\n\t\t\t\t<\/div>\n\t\t\t\t<div class=\"elementor-element elementor-element-43bd641 elementor-widget elementor-widget-text-editor\" data-id=\"43bd641\" data-element_type=\"widget\" data-e-type=\"widget\" data-widget_type=\"text-editor.default\">\n\t\t\t\t<div class=\"elementor-widget-container\">\n\t\t\t\t\t\t\t\t\t<p class=\"font-claude-response-body break-words whitespace-normal leading-[1.7]\">En Rutas Kayak Menorca cada ruta es mucho m\u00e1s que un paseo en kayak. Hemos dise\u00f1ado nuestras excursiones pensando en cada detalle, para que cada paleada, cada cueva, cada parada para hacer snorkel sea una experiencia que recuerdes con emoci\u00f3n despu\u00e9s de volver a casa.<\/p><p class=\"font-claude-response-body break-words whitespace-normal leading-[1.7]\">Operamos desde dos bases en la costa sur: <strong>Cala en Porter<\/strong> y <strong>Es Canutells<\/strong>, las dos mejores ubicaciones para explorar el mayor n\u00famero de cuevas marinas en una sola salida. Lo hacemos con pasi\u00f3n, con cercan\u00eda y con el firme prop\u00f3sito de que os sint\u00e1is parte de esta isla que tanto queremos.<\/p>\t\t\t\t\t\t\t\t<\/div>\n\t\t\t\t<\/div>\n\t\t\t\t<div class=\"elementor-element elementor-element-6455f2d elementor-widget elementor-widget-heading\" data-id=\"6455f2d\" data-element_type=\"widget\" data-e-type=\"widget\" data-widget_type=\"heading.default\">\n\t\t\t\t<div class=\"elementor-widget-container\">\n\t\t\t\t\t<h2 class=\"elementor-heading-title elementor-size-default\">Un equipo que conoce cada rinc\u00f3n de esta costa<\/h2>\t\t\t\t<\/div>\n\t\t\t\t<\/div>\n\t\t\t\t<div class=\"elementor-element elementor-element-ce2de88 elementor-widget elementor-widget-text-editor\" data-id=\"ce2de88\" data-element_type=\"widget\" data-e-type=\"widget\" data-widget_type=\"text-editor.default\">\n\t\t\t\t<div class=\"elementor-widget-container\">\n\t\t\t\t\t\t\t\t\t<p class=\"font-claude-response-body break-words whitespace-normal leading-[1.7]\">Nuestras rutas est\u00e1n guiadas por un equipo de <strong>expertos<\/strong> <strong>monitores titulados<\/strong> que conocen cada cueva, cada corriente y cada rinc\u00f3n de la costa sur. No solo os gu\u00edan: os cuentan la historia de cada lugar, cuidan de vuestra seguridad y se aseguran de que os lo pas\u00e9is incre\u00edble con su simpat\u00eda y cercan\u00eda.<\/p><p class=\"font-claude-response-body break-words whitespace-normal leading-[1.7]\">Detr\u00e1s de cada temporada estamos Gabriel y Jordi, gestionando todo para que cada salida al mar sea especial. Desde el primer kayak que toca el agua hasta el \u00faltimo cliente que vuelve a la playa con una sonrisa.<\/p><p>Entre los dos, un fant\u00e1stico equipo de monitores y miles de clientes cada temporada, hacemos que cada ruta en kayak sea especial.<\/p>\t\t\t\t\t\t\t\t<\/div>\n\t\t\t\t<\/div>\n\t\t\t\t<div class=\"elementor-element elementor-element-2f31de9 elementor-widget elementor-widget-heading\" data-id=\"2f31de9\" data-element_type=\"widget\" data-e-type=\"widget\" data-widget_type=\"heading.default\">\n\t\t\t\t<div class=\"elementor-widget-container\">\n\t\t\t\t\t<h2 class=\"elementor-heading-title elementor-size-default\">Nos han contado mejor de lo que sabemos hacerlo nosotros<\/h2>\t\t\t\t<\/div>\n\t\t\t\t<\/div>\n\t\t\t\t<div class=\"elementor-element elementor-element-3ab2ac4 elementor-skin-carousel elementor-pagination-type-bullets elementor-pagination-position-outside elementor-widget elementor-widget-media-carousel\" data-id=\"3ab2ac4\" data-element_type=\"widget\" data-e-type=\"widget\" data-settings=\"{&quot;slides_per_view&quot;:&quot;5&quot;,&quot;slides_per_view_tablet&quot;:&quot;5&quot;,&quot;slides_per_view_mobile&quot;:&quot;5&quot;,&quot;slides_to_scroll&quot;:&quot;5&quot;,&quot;lazyload&quot;:&quot;yes&quot;,&quot;space_between_mobile&quot;:{&quot;unit&quot;:&quot;px&quot;,&quot;size&quot;:5,&quot;sizes&quot;:[]},&quot;skin&quot;:&quot;carousel&quot;,&quot;effect&quot;:&quot;slide&quot;,&quot;pagination&quot;:&quot;bullets&quot;,&quot;speed&quot;:500,&quot;space_between&quot;:{&quot;unit&quot;:&quot;px&quot;,&quot;size&quot;:10,&quot;sizes&quot;:[]},&quot;space_between_tablet&quot;:{&quot;unit&quot;:&quot;px&quot;,&quot;size&quot;:10,&quot;sizes&quot;:[]}}\" data-widget_type=\"media-carousel.default\">\n\t\t\t\t<div class=\"elementor-widget-container\">\n\t\t\t\t\t\t\t\t\t<div class=\"elementor-swiper\">\n\t\t\t\t\t<div class=\"elementor-main-swiper swiper\" role=\"region\" aria-roledescription=\"carousel\" aria-label=\"Medios de comunicaci\u00f3n\">\n\t\t\t\t<div class=\"swiper-wrapper\">\n\t\t\t\t\t\t\t\t\t\t\t<div class=\"swiper-slide\" role=\"group\" aria-roledescription=\"slide\">\n\t\t\t\t\t\t\t<a href=\"https:\/\/www.traveler.es\/experiencias\/articulos\/ruta-de-las-cuevas-kayak-menorca\/20861\" target=\"_blank\" rel=\"noopener\">\t\t<div class=\"elementor-carousel-image swiper-lazy\" role=\"img\" aria-label=\"Logo Cond\u00e9 Nast Traveler - art\u00edculo sobre Rutas Kayak Menorca\" data-background=\"https:\/\/www.rutaskayakmenorca.com\/wp-content\/uploads\/2026\/04\/conde-nast-traveler-logo.png\">\n\n\t\t\t\t\t\t\t<div class=\"swiper-lazy-preloader\"><\/div>\n\t\t\t\n\t\t\t\t\t<\/div>\n\t\t<\/a>\t\t\t\t\t\t<\/div>\n\t\t\t\t\t\t\t\t\t\t\t<div class=\"swiper-slide\" role=\"group\" aria-roledescription=\"slide\">\n\t\t\t\t\t\t\t<a href=\"https:\/\/cadenaser.com\/emisora\/2021\/08\/08\/radio_mallorca\/1628439766_478071.html\" target=\"_blank\" rel=\"noopener\">\t\t<div class=\"elementor-carousel-image swiper-lazy\" role=\"img\" aria-label=\"Logo Cadena SER - entrevista a Rutas Kayak Menorca\" data-background=\"https:\/\/www.rutaskayakmenorca.com\/wp-content\/uploads\/2026\/04\/cadena-ser-logo.webp\">\n\n\t\t\t\t\t\t\t<div class=\"swiper-lazy-preloader\"><\/div>\n\t\t\t\n\t\t\t\t\t<\/div>\n\t\t<\/a>\t\t\t\t\t\t<\/div>\n\t\t\t\t\t\t\t\t\t\t\t<div class=\"swiper-slide\" role=\"group\" aria-roledescription=\"slide\">\n\t\t\t\t\t\t\t<a href=\"https:\/\/www.mundodeportivo.com\/ocio\/20220720\/1001839432\/impresionante-ruta-kayak-menorca-te-puedes-perder.html\" target=\"_blank\" rel=\"noopener\">\t\t<div class=\"elementor-carousel-image swiper-lazy\" role=\"img\" aria-label=\"Logo Mundo Deportivo - art\u00edculo sobre ruta en kayak en Menorca\" data-background=\"https:\/\/www.rutaskayakmenorca.com\/wp-content\/uploads\/2026\/04\/mundo-deportivo-logo.webp\">\n\n\t\t\t\t\t\t\t<div class=\"swiper-lazy-preloader\"><\/div>\n\t\t\t\n\t\t\t\t\t<\/div>\n\t\t<\/a>\t\t\t\t\t\t<\/div>\n\t\t\t\t\t\t\t\t\t\t\t<div class=\"swiper-slide\" role=\"group\" aria-roledescription=\"slide\">\n\t\t\t\t\t\t\t<a href=\"https:\/\/www.revistaoxigeno.es\/viajes\/menorca-paraiso-kayak-mar_236299_102.html\" target=\"_blank\" rel=\"noopener\">\t\t<div class=\"elementor-carousel-image swiper-lazy\" role=\"img\" aria-label=\"Logo Revista Ox\u00edgeno - reportaje kayak en Menorca\" data-background=\"https:\/\/www.rutaskayakmenorca.com\/wp-content\/uploads\/2026\/04\/revista-oxigeno-logo.webp\">\n\n\t\t\t\t\t\t\t<div class=\"swiper-lazy-preloader\"><\/div>\n\t\t\t\n\t\t\t\t\t<\/div>\n\t\t<\/a>\t\t\t\t\t\t<\/div>\n\t\t\t\t\t\t\t\t\t\t\t<div class=\"swiper-slide\" role=\"group\" aria-roledescription=\"slide\">\n\t\t\t\t\t\t\t<a href=\"https:\/\/www.esvivir.com\/noticia\/11310\/cuevas-acantilados-y-kayak-descubre-la-otra-cara-de-menorca.html\" target=\"_blank\" rel=\"noopener\">\t\t<div class=\"elementor-carousel-image swiper-lazy\" role=\"img\" aria-label=\"Logo esVivir - art\u00edculo sobre cuevas y kayak en Menorca\" data-background=\"https:\/\/www.rutaskayakmenorca.com\/wp-content\/uploads\/2026\/04\/esvivir-logo.webp\">\n\n\t\t\t\t\t\t\t<div class=\"swiper-lazy-preloader\"><\/div>\n\t\t\t\n\t\t\t\t\t<\/div>\n\t\t<\/a>\t\t\t\t\t\t<\/div>\n\t\t\t\t\t\t\t\t\t<\/div>\n\t\t\t\t\t\t\t\t\t\t\t\t\t\t\t\t\t\t\t\t<div class=\"swiper-pagination\"><\/div>\n\t\t\t\t\t\t\t\t\t\t\t\t<\/div>\n\t\t\t\t<\/div>\n\t\t\t\t\t\t\t\t<\/div>\n\t\t\t\t<\/div>\n\t\t\t\t<div class=\"elementor-element elementor-element-17a9f49 elementor-widget elementor-widget-text-editor\" data-id=\"17a9f49\" data-element_type=\"widget\" data-e-type=\"widget\" data-widget_type=\"text-editor.default\">\n\t\t\t\t<div class=\"elementor-widget-container\">\n\t\t\t\t\t\t\t\t\t<p data-start=\"1726\" data-end=\"2301\">Estos son algunos de los medios que se han hecho eco de la experiencia. Si quieres saber qu\u00e9 dicen nuestros clientes, echa un vistazo a nuestras rese\u00f1as en Google de <a class=\"underline underline underline-offset-2 decoration-1 decoration-current\/40 hover:decoration-current focus:decoration-current\" href=\"https:\/\/maps.app.goo.gl\/3cuEeed11S9DX2zz9\" target=\"_blank\" rel=\"noopener\">Cala en Porter<\/a> o de <a href=\"https:\/\/maps.app.goo.gl\/x9zcS3M3iWdTWBpB9\" target=\"_blank\" rel=\"noopener\">Es Canutells<\/a>.<\/p>\t\t\t\t\t\t\t\t<\/div>\n\t\t\t\t<\/div>\n\t\t\t\t<div class=\"elementor-element elementor-element-6f45e59 elementor-widget elementor-widget-heading\" data-id=\"6f45e59\" data-element_type=\"widget\" data-e-type=\"widget\" data-widget_type=\"heading.default\">\n\t\t\t\t<div class=\"elementor-widget-container\">\n\t\t\t\t\t<h2 class=\"elementor-heading-title elementor-size-default\">As\u00ed se vive la experiencia<\/h2>\t\t\t\t<\/div>\n\t\t\t\t<\/div>\n\t\t\t\t<div class=\"elementor-element elementor-element-58b38eb elementor-widget elementor-widget-video\" data-id=\"58b38eb\" data-element_type=\"widget\" data-e-type=\"widget\" data-settings=\"{&quot;youtube_url&quot;:&quot;https:\\\/\\\/youtu.be\\\/HRj1uCYzJac?si=6Gefej4NgkHWIxc6&quot;,&quot;lazy_load&quot;:&quot;yes&quot;,&quot;video_type&quot;:&quot;youtube&quot;,&quot;controls&quot;:&quot;yes&quot;}\" data-widget_type=\"video.default\">\n\t\t\t\t<div class=\"elementor-widget-container\">\n\t\t\t\t\t\t\t<div class=\"elementor-wrapper elementor-open-inline\">\n\t\t\t<div class=\"elementor-video\"><\/div>\t\t<\/div>\n\t\t\t\t\t\t<\/div>\n\t\t\t\t<\/div>\n\t\t\t\t<div class=\"elementor-element elementor-element-c7f9fef elementor-widget elementor-widget-heading\" data-id=\"c7f9fef\" data-element_type=\"widget\" data-e-type=\"widget\" data-widget_type=\"heading.default\">\n\t\t\t\t<div class=\"elementor-widget-container\">\n\t\t\t\t\t<h2 class=\"elementor-heading-title elementor-size-default\">Vive Menorca desde el mar<\/h2>\t\t\t\t<\/div>\n\t\t\t\t<\/div>\n\t\t\t\t<div class=\"elementor-element elementor-element-0e0a44e elementor-widget elementor-widget-text-editor\" data-id=\"0e0a44e\" data-element_type=\"widget\" data-e-type=\"widget\" data-widget_type=\"text-editor.default\">\n\t\t\t\t<div class=\"elementor-widget-container\">\n\t\t\t\t\t\t\t\t\t<p data-start=\"1503\" data-end=\"1689\">\u00danete a nosotros y navega por las aguas m\u00e1s cristalinas de la isla. Explora la costa sur de Menorca desde un kayak y \u00a1haz que tu visita sea realmente especial!<\/p>\t\t\t\t\t\t\t\t<\/div>\n\t\t\t\t<\/div>\n\t\t\t\t<div class=\"elementor-element elementor-element-17da021 elementor-align-center elementor-widget elementor-widget-button\" data-id=\"17da021\" data-element_type=\"widget\" data-e-type=\"widget\" data-widget_type=\"button.default\">\n\t\t\t\t<div class=\"elementor-widget-container\">\n\t\t\t\t\t\t\t\t\t<div class=\"elementor-button-wrapper\">\n\t\t\t\t\t<a class=\"elementor-button elementor-button-link elementor-size-md\" href=\"https:\/\/www.rutaskayakmenorca.com\/mejor-excursion-en-kayak-ruta-de-las-cuevas\/\">\n\t\t\t\t\t\t<span class=\"elementor-button-content-wrapper\">\n\t\t\t\t\t\t<span class=\"elementor-button-icon\">\n\t\t\t\t<i aria-hidden=\"true\" class=\"fas fa-angle-right\"><\/i>\t\t\t<\/span>\n\t\t\t\t\t\t\t\t\t<span class=\"elementor-button-text\">RESERVA TU AVENTURA EN KAYAK AHORA<\/span>\n\t\t\t\t\t<\/span>\n\t\t\t\t\t<\/a>\n\t\t\t\t<\/div>\n\t\t\t\t\t\t\t\t<\/div>\n\t\t\t\t<\/div>\n\t\t\t\t\t<\/div>\n\t\t<\/div>\n\t\t\t\t\t<\/div>\n\t\t<\/section>\n\t\t<div class=\"elementor-element elementor-element-d210e11 e-flex e-con-boxed e-con e-parent\" data-id=\"d210e11\" data-element_type=\"container\" data-e-type=\"container\">\n\t\t\t\t\t<div class=\"e-con-inner\">\n\t\t\t\t<div class=\"elementor-element elementor-element-b1d89c5 elementor-widget elementor-widget-text-editor\" data-id=\"b1d89c5\" data-element_type=\"widget\" data-e-type=\"widget\" data-widget_type=\"text-editor.default\">\n\t\t\t\t<div class=\"elementor-widget-container\">\n\t\t\t\t\t\t\t\t\t<p class=\"font-claude-response-body break-words whitespace-normal leading-[1.7]\">Rutas Kayak Menorca es una marca de <strong>RKM Balearic Sports, S.L.<\/strong> \u2014 Desde 2020 en Cala en Porter y Es Canutells, costa sur de Menorca.<\/p>\n<p class=\"font-claude-response-body break-words whitespace-normal leading-[1.7]\">S\u00edguenos en <a class=\"underline underline underline-offset-2 decoration-1 decoration-current\/40 hover:decoration-current focus:decoration-current\" href=\"https:\/\/www.instagram.com\/rutaskayakmenorca\/\" target=\"_blank\" rel=\"noopener\">Instagram<\/a> \u00b7 <a class=\"underline underline underline-offset-2 decoration-1 decoration-current\/40 hover:decoration-current focus:decoration-current\" href=\"https:\/\/www.facebook.com\/RutasKayakMenorca\" target=\"_blank\" rel=\"noopener\">Facebook<\/a> \u00b7 <a class=\"underline underline underline-offset-2 decoration-1 decoration-current\/40 hover:decoration-current focus:decoration-current\" href=\"https:\/\/www.youtube.com\/channel\/UCTCpHR6HoGbFvjvZhiLHDKw&quot;\" target=\"_blank\" rel=\"noopener\" data-wplink-url-error=\"true\">YouTube<\/a> \u00b7 <a class=\"underline underline underline-offset-2 decoration-1 decoration-current\/40 hover:decoration-current focus:decoration-current\" href=\"https:\/\/www.tripadvisor.es\/Attraction_Review-g673871-d23115570-Reviews-Rutas_Kayak_Menorca-Cala_en_Porter_Menorca_Balearic_Islands.html\" target=\"_blank\" rel=\"noopener\">TripAdvisor<\/a><\/p>\t\t\t\t\t\t\t\t<\/div>\n\t\t\t\t<\/div>\n\t\t\t\t\t<\/div>\n\t\t\t\t<\/div>\n\t\t\t\t<\/div>\n\t\t","protected":false},"excerpt":{"rendered":"<p>Qui\u00e9nes somos \u00a1Bienvenidos a Rutas Kayak Menorca! Somos Gabriel y Jordi, dos hermanos con ra\u00edces menorquinas y enamorados de Menorca. Desde que \u00e9ramos ni\u00f1os, nuestros d\u00edas se llenaban de aventuras navegando por sus aguas cristalinas, explorando sus calas secretas y respirando la esencia \u00fanica de la isla En 2020 decidimos convertir todo eso en Rutas [&hellip;]<\/p>\n","protected":false},"author":1,"featured_media":0,"parent":0,"menu_order":0,"comment_status":"closed","ping_status":"closed","template":"","meta":{"_joinchat":[],"footnotes":""},"class_list":["post-31","page","type-page","status-publish","hentry"],"_links":{"self":[{"href":"https:\/\/www.rutaskayakmenorca.com\/fr\/wp-json\/wp\/v2\/pages\/31","targetHints":{"allow":["GET"]}}],"collection":[{"href":"https:\/\/www.rutaskayakmenorca.com\/fr\/wp-json\/wp\/v2\/pages"}],"about":[{"href":"https:\/\/www.rutaskayakmenorca.com\/fr\/wp-json\/wp\/v2\/types\/page"}],"author":[{"embeddable":true,"href":"https:\/\/www.rutaskayakmenorca.com\/fr\/wp-json\/wp\/v2\/users\/1"}],"replies":[{"embeddable":true,"href":"https:\/\/www.rutaskayakmenorca.com\/fr\/wp-json\/wp\/v2\/comments?post=31"}],"version-history":[{"count":121,"href":"https:\/\/www.rutaskayakmenorca.com\/fr\/wp-json\/wp\/v2\/pages\/31\/revisions"}],"predecessor-version":[{"id":4453,"href":"https:\/\/www.rutaskayakmenorca.com\/fr\/wp-json\/wp\/v2\/pages\/31\/revisions\/4453"}],"wp:attachment":[{"href":"https:\/\/www.rutaskayakmenorca.com\/fr\/wp-json\/wp\/v2\/media?parent=31"}],"curies":[{"name":"wp","href":"https:\/\/api.w.org\/{rel}","templated":true}]}}