{"id":213,"date":"2020-12-23T13:18:36","date_gmt":"2020-12-23T13:18:36","guid":{"rendered":"https:\/\/www.rutaskayakmenorca.com\/?page_id=213"},"modified":"2021-01-06T21:00:23","modified_gmt":"2021-01-06T21:00:23","slug":"politique-en-matiere-de-cookies","status":"publish","type":"page","link":"https:\/\/www.rutaskayakmenorca.com\/fr\/politica-de-cookies\/","title":{"rendered":"Politique en mati\u00e8re de cookies"},"content":{"rendered":"<h2 class=\"wp-block-heading\">Champ d'application de la politique<\/h2>\n\n\n\n<p>Cette politique s'applique au site web rutaskayakmenorca.com. Avant de commencer \u00e0 naviguer sur le site, nous souhaitons vous informer que nous utilisons des cookies \u00e0 diff\u00e9rentes fins sur le site, afin que vous puissiez d\u00e9cider si vous souhaitez ou non qu'ils soient install\u00e9s sur votre ordinateur.<\/p>\n\n\n\n<p>Si vous continuez \u00e0 naviguer, RKM Balearic Sports, S.L. en d\u00e9duira que vous acceptez l'installation de cookies, nous donnant votre consentement pour les installer sur votre ordinateur.<\/p>\n\n\n\n<h2 class=\"wp-block-heading\">2. Qu'est-ce qu'un cookie ?<\/h2>\n\n\n\n<p>Les cookies sont de petits fichiers d'information qui sont envoy\u00e9s et stock\u00e9s dans l'\u00e9quipement \u00e0 partir duquel vous acc\u00e9dez au Web (PC ou ordinateur personnel, t\u00e9l\u00e9phone portable, tablette ou TV connect\u00e9e) facilitant l'utilisation de ce dernier, afin de fournir un meilleur service.<br><br>Les sites Web utilisent des cookies propres et de tiers qui nous aident \u00e0 am\u00e9liorer la qualit\u00e9 en nous permettant de comparer, de m\u00e9moriser, de contr\u00f4ler et de comprendre la fa\u00e7on dont nos utilisateurs naviguent sur le Web, en identifiant ce qu'ils trouvent utile et ce qu'ils ne trouvent pas et en \u00e9tant ainsi en mesure d'am\u00e9liorer le processus de navigation.<br><br>Les cookies utilis\u00e9s par le site web n'endommagent pas votre ordinateur. Ils servent uniquement \u00e0 am\u00e9liorer les services propos\u00e9s. Certains sont strictement n\u00e9cessaires au bon fonctionnement du site (technique et personnalisation) et d'autres sont utilis\u00e9s pour am\u00e9liorer les performances et l'exp\u00e9rience des utilisateurs (analyse, publicit\u00e9 et publicit\u00e9 comportementale).<br><br>Le site web utilise \u00e0 la fois des cookies de session, des cookies temporaires et des cookies permanents. Les cookies de session stockent des donn\u00e9es pendant que l'utilisateur acc\u00e8de au site web et expirent lorsque le navigateur est ferm\u00e9 ; les cookies permanents, quant \u00e0 eux, stockent des donn\u00e9es dans le terminal de mani\u00e8re \u00e0 pouvoir y acc\u00e9der et les utiliser au cours de plusieurs sessions, mais ils expirent g\u00e9n\u00e9ralement apr\u00e8s une p\u00e9riode de temps qui peut aller de deux mois \u00e0 deux ans.<\/p>\n\n\n\n<h2 class=\"wp-block-heading\">3. D\u00e9sactivation des cookies<\/h2>\n\n\n\n<p>Vous avez la possibilit\u00e9 d'autoriser, de bloquer ou de supprimer les cookies install\u00e9s sur votre ordinateur en configurant les options du navigateur install\u00e9 sur votre ordinateur. En d\u00e9sactivant les cookies, il se peut que certains des services disponibles ne soient plus op\u00e9rationnels. La mani\u00e8re de d\u00e9sactiver les cookies est diff\u00e9rente pour chaque navigateur, mais peut g\u00e9n\u00e9ralement \u00eatre effectu\u00e9e \u00e0 partir du menu Outils ou Options. Vous pouvez \u00e9galement consulter le menu d'aide du navigateur o\u00f9 vous trouverez des instructions. Vous pouvez - \u00e0 tout moment - choisir les cookies que vous souhaitez voir fonctionner sur ce site web en configurant les param\u00e8tres de votre navigateur, par exemple :<\/p>\n\n\n\n<ul class=\"wp-block-list\"><li>Firefox \u00e0 partir d'ici :&nbsp;<ul><li>http:\/\/support.mozilla.org\/es\/kb\/habilitar-y-deshabilitar-cookies-que-los-sitios-we<\/li><\/ul><\/li><li>Chrome \u00e0 partir d'ici :&nbsp;<ul><li>http:\/\/support.google.com\/chrome\/bin\/answer.py?hl=es&amp;answer=95647<\/li><\/ul><\/li><li>Explorer \u00e0 partir d'ici :&nbsp;<ul><li>http:\/\/windows.microsoft.com\/es-es\/windows7\/how-to-manage-cookies-in-internet-explorer-9<\/li><\/ul><\/li><li>Safari \u00e0 partir d'ici :<ul><li>&nbsp;http:\/\/support.apple.com\/kb\/ph5042<\/li><\/ul><\/li><li>Op\u00e9rer \u00e0 partir d'ici :&nbsp;<ul><li>http:\/\/help.opera.com\/Windows\/11.50\/es-ES\/cookies.html<\/li><\/ul><\/li><\/ul>\n\n\n\n<h2 class=\"wp-block-heading\">4. Types de cookies<\/h2>\n\n\n\n<p>En fonction de la finalit\u00e9 du traitement des donn\u00e9es obtenues par le biais des cookies, le site web peut utiliser :<\/p>\n\n\n\n<ul class=\"wp-block-list\"><li>Les cookies techniques sont ceux qui permettent \u00e0 l'utilisateur de naviguer sur un site web, une plateforme ou une application et d'utiliser les diff\u00e9rentes options ou services qui y sont propos\u00e9s, comme par exemple le contr\u00f4le du trafic et de la communication des donn\u00e9es, l'identification de la session, l'acc\u00e8s \u00e0 des zones d'acc\u00e8s restreint.<\/li><li>Cookies de personnalisation : il s'agit de cookies qui permettent \u00e0 l'utilisateur d'acc\u00e9der au service avec certaines caract\u00e9ristiques g\u00e9n\u00e9rales pr\u00e9d\u00e9finies en fonction d'une s\u00e9rie de crit\u00e8res dans le terminal de l'utilisateur, tels que, par exemple, la langue et le type de navigateur.<\/li><li>Cookies d'analyse : il s'agit de cookies qui permettent de suivre et d'analyser le comportement des utilisateurs des sites web auxquels ils sont li\u00e9s. Les informations collect\u00e9es par ce type de cookies sont utilis\u00e9es pour mesurer l'activit\u00e9 du site web, de l'application ou de la plateforme et pour cr\u00e9er des profils de navigation des utilisateurs.<\/li><li>Cookies publicitaires : ce sont ceux qui permettent de g\u00e9rer, de la mani\u00e8re la plus efficace possible, les espaces publicitaires.<\/li><li>Cookies de publicit\u00e9 comportementale : ces cookies stockent des informations sur le comportement des utilisateurs obtenues gr\u00e2ce \u00e0 l'observation continue de leurs habitudes de navigation, ce qui permet de d\u00e9velopper un profil sp\u00e9cifique afin d'afficher de la publicit\u00e9 bas\u00e9e sur ce dernier. L'utilisateur peut se d\u00e9sinscrire de l'utilisation de ses donn\u00e9es \u00e0 des fins publicitaires en se rendant \u00e0 l'adresse suivante\u00a0<a href=\"http:\/\/www.youronlinechoices.com\/es\/\" target=\"_blank\" rel=\"noreferrer noopener nofollow\">IAB Espagne<\/a>. Vous continuerez \u00e0 recevoir d'autres publicit\u00e9s, mais elles ne seront pas bas\u00e9es sur vos int\u00e9r\u00eats sp\u00e9cifiques.<\/li><li>Cookies de r\u00e9seaux sociaux externes : ils sont utilis\u00e9s pour permettre aux visiteurs d'interagir avec le contenu de diff\u00e9rentes plateformes sociales (facebook, youtube, twitter, linkedIn, etc.) et ne sont g\u00e9n\u00e9r\u00e9s que pour les utilisateurs de ces r\u00e9seaux sociaux. Les conditions d'utilisation de ces cookies et les informations collect\u00e9es sont r\u00e9gies par la politique de confidentialit\u00e9 de la plateforme sociale correspondante.<\/li><\/ul>\n\n\n\n<h2 class=\"wp-block-heading\">5. Cookies utilis\u00e9s \u00e0 un moment donn\u00e9<\/h2>\n\n\n\n<p>Ce site web, comme la plupart des sites web, comprend des fonctionnalit\u00e9s fournies par des tiers.<\/p>\n\n\n\n<p>Les nouvelles conceptions ou les services de tiers sont \u00e9galement test\u00e9s r\u00e9guli\u00e8rement pour faire l'objet de recommandations et de rapports.<\/p>\n\n\n\n<p>Cela peut occasionnellement modifier la configuration des cookies et des cookies qui ne sont pas d\u00e9taill\u00e9s dans cette politique peuvent appara\u00eetre. Il est important que vous sachiez qu'il s'agit de cookies temporaires dont il n'est pas toujours possible de vous informer et qui ne sont utilis\u00e9s qu'\u00e0 des fins d'\u00e9tude et d'\u00e9valuation. En aucun cas, des cookies compromettant votre vie priv\u00e9e ne seront utilis\u00e9s.<\/p>\n\n\n\n<p>Parmi les cookies tiers les plus stables, on peut citer<\/p>\n\n\n\n<ul class=\"wp-block-list\"><li>celles g\u00e9n\u00e9r\u00e9es par les services d'analyse, \u00e0 savoir Google Analytics Web et <strong>nous les utilisons pour am\u00e9liorer notre site web<\/strong>Les donn\u00e9es collect\u00e9es par ce site web sont utilis\u00e9es pour d\u00e9tecter de nouveaux besoins et \u00e9valuer les am\u00e9liorations \u00e0 apporter dans le but de fournir un meilleur service aux utilisateurs qui nous rendent visite, mais en aucun cas elles ne sont associ\u00e9es \u00e0 des donn\u00e9es qui pourraient permettre d'identifier l'utilisateur.<\/li><\/ul>\n\n\n\n<p>Google Analytics est un service d'analyse du Web fourni par Google, Inc, une soci\u00e9t\u00e9 du Delaware dont le si\u00e8ge social est situ\u00e9 au 1600 Amphitheatre Parkway, Mountain View (Californie), CA 94043, \u00c9tats-Unis (\"Google\").<\/p>\n\n\n\n<p>L'utilisateur peut consulter&nbsp;<a href=\"https:\/\/www.google.es\/intl\/es\/policies\/technologies\/types\/\" target=\"_blank\" rel=\"noopener\">ici<\/a>&nbsp;le type de cookies utilis\u00e9s par Google. Les cookies Google+ et Google Maps, tels qu'ils sont d\u00e9crits dans leur page sur ce qu'est un cookie.&nbsp;<a href=\"http:\/\/www.google.com\/intl\/es\/policies\/technologies\/types\/\" target=\"_blank\" rel=\"noopener\">type de cookies utilis\u00e9s<\/a>.<\/p>\n\n\n\n<ul class=\"wp-block-list\"><li>WordPress : RKM Balearic Sports, S.L. est un utilisateur de la plateforme WordPress pour la fourniture et l'h\u00e9bergement de blogs, propri\u00e9t\u00e9 de la soci\u00e9t\u00e9 am\u00e9ricaine Automattic, Inc. \u00c0 cette fin, l'utilisation de ces cookies par des syst\u00e8mes qui ne sont jamais sous le contr\u00f4le ou la gestion de l'entreprise responsable du site Web peut modifier leur fonction \u00e0 tout moment, et de nouveaux cookies peuvent \u00eatre introduits.<\/li><\/ul>\n\n\n\n<p>Ces cookies ne pr\u00e9sentent aucun avantage pour le propri\u00e9taire de ce site web. Automattic, Inc. utilise \u00e9galement d'autres cookies pour aider \u00e0 identifier et \u00e0 suivre les visiteurs des sites WordPress, leur utilisation du site web d'Automattic et leurs pr\u00e9f\u00e9rences d'acc\u00e8s, comme d\u00e9crit dans la section \"Cookies\" de sa politique de confidentialit\u00e9.<\/p>\n\n\n\n<ul class=\"wp-block-list\"><li>Cookies des m\u00e9dias sociaux : Les cookies des m\u00e9dias sociaux peuvent \u00eatre stock\u00e9s dans votre navigateur lorsque vous naviguez sur le site Web ou lorsque vous utilisez le bouton de partage de contenu d'addtoany.com sur un r\u00e9seau social.<\/li><\/ul>\n\n\n\n<p>Les entreprises qui g\u00e9n\u00e8rent ces cookies correspondant aux r\u00e9seaux sociaux utilis\u00e9s par ce site web ont leurs propres politiques en mati\u00e8re de cookies :<\/p>\n\n\n\n<ul class=\"wp-block-list\"><li>Twitter Cookie, comme pr\u00e9vu dans son&nbsp;<a href=\"https:\/\/twitter.com\/privacy\" target=\"_blank\" rel=\"noopener\"><u>politique de confidentialit\u00e9 et utilisation de cookies<\/u><\/a>.<\/li><li>Linkedin Cookie, conform\u00e9ment aux dispositions de son r\u00e8glement int\u00e9rieur.&nbsp;<a href=\"https:\/\/www.linkedin.com\/legal\/cookie-policy?trk=hp-cookies\" target=\"_blank\" rel=\"noopener\"><u>Politique en mati\u00e8re de cookies<\/u><\/a><\/li><li>Cookie Facebook, conform\u00e9ment aux dispositions de son&nbsp;<a href=\"https:\/\/www.facebook.com\/help\/cookies?ref_type=sitefooter\" target=\"_blank\" rel=\"noopener\"><u>Politique en mati\u00e8re de cookies<\/u><\/a><\/li><li>Youtube Cookie, conform\u00e9ment aux dispositions de son r\u00e8glement d'application.&nbsp;<a href=\"https:\/\/www.google.es\/intl\/es\/policies\/technologies\/cookies\/\" target=\"_blank\" rel=\"noopener\"><u>Politique en mati\u00e8re de cookies<\/u><\/a><\/li><\/ul>\n\n\n\n<p>Les implications en mati\u00e8re de confidentialit\u00e9 d\u00e9pendent de chaque r\u00e9seau social et des param\u00e8tres de confidentialit\u00e9 que vous avez choisis dans ces r\u00e9seaux. En aucun cas, ni le gestionnaire de ce site web ni les annonceurs ne peuvent obtenir d'informations personnellement identifiables \u00e0 partir de ces cookies.<\/p>","protected":false},"excerpt":{"rendered":"<p>1. Alcance de la Pol\u00edtica Esta pol\u00edtica ser\u00e1 de aplicaci\u00f3n al Sitio Web rutaskayakmenorca.com.&nbsp;Antes de que empieces a navegar por la Web nos gustar\u00eda informarte que utilizamos cookies con diferentes finalidades en el Sitio Web, de tal forma que puedas decidir si quieres que las mismas se instalen en tu equipo o no. En caso [&hellip;]<\/p>\n","protected":false},"author":1,"featured_media":0,"parent":0,"menu_order":0,"comment_status":"closed","ping_status":"closed","template":"","meta":{"_joinchat":[],"footnotes":""},"class_list":["post-213","page","type-page","status-publish","hentry"],"_links":{"self":[{"href":"https:\/\/www.rutaskayakmenorca.com\/fr\/wp-json\/wp\/v2\/pages\/213","targetHints":{"allow":["GET"]}}],"collection":[{"href":"https:\/\/www.rutaskayakmenorca.com\/fr\/wp-json\/wp\/v2\/pages"}],"about":[{"href":"https:\/\/www.rutaskayakmenorca.com\/fr\/wp-json\/wp\/v2\/types\/page"}],"author":[{"embeddable":true,"href":"https:\/\/www.rutaskayakmenorca.com\/fr\/wp-json\/wp\/v2\/users\/1"}],"replies":[{"embeddable":true,"href":"https:\/\/www.rutaskayakmenorca.com\/fr\/wp-json\/wp\/v2\/comments?post=213"}],"version-history":[{"count":4,"href":"https:\/\/www.rutaskayakmenorca.com\/fr\/wp-json\/wp\/v2\/pages\/213\/revisions"}],"predecessor-version":[{"id":805,"href":"https:\/\/www.rutaskayakmenorca.com\/fr\/wp-json\/wp\/v2\/pages\/213\/revisions\/805"}],"wp:attachment":[{"href":"https:\/\/www.rutaskayakmenorca.com\/fr\/wp-json\/wp\/v2\/media?parent=213"}],"curies":[{"name":"wp","href":"https:\/\/api.w.org\/{rel}","templated":true}]}}