{"id":1912,"date":"2021-04-27T09:20:28","date_gmt":"2021-04-27T09:20:28","guid":{"rendered":"https:\/\/www.rutaskayakmenorca.com\/?page_id=1912"},"modified":"2026-01-27T16:56:48","modified_gmt":"2026-01-27T16:56:48","slug":"travaillez-avec-nous-en-tant-que-moniteur-de-kayak-a-menorque","status":"publish","type":"page","link":"https:\/\/www.rutaskayakmenorca.com\/fr\/trabaja-con-nosotros-como-monitor-de-kayak-en-menorca\/","title":{"rendered":"Offre d'emploi pour instructeur \/ guide de kayak \u00e0 Menorca"},"content":{"rendered":"<div data-elementor-type=\"wp-page\" data-elementor-id=\"1912\" class=\"elementor elementor-1912\" data-elementor-post-type=\"page\">\n\t\t\t\t\t\t<section class=\"elementor-section elementor-top-section elementor-element elementor-element-2064fc9 elementor-section-height-min-height elementor-section-boxed elementor-section-height-default elementor-section-items-middle\" data-id=\"2064fc9\" data-element_type=\"section\" data-e-type=\"section\" data-settings=\"{&quot;background_background&quot;:&quot;classic&quot;}\">\n\t\t\t\t\t\t<div class=\"elementor-container elementor-column-gap-default\">\n\t\t\t\t\t<div class=\"elementor-column elementor-col-100 elementor-top-column elementor-element elementor-element-d11216a\" data-id=\"d11216a\" data-element_type=\"column\" data-e-type=\"column\">\n\t\t\t<div class=\"elementor-widget-wrap elementor-element-populated\">\n\t\t\t\t\t\t<div class=\"elementor-element elementor-element-3f515d9 elementor-widget elementor-widget-heading\" data-id=\"3f515d9\" data-element_type=\"widget\" data-e-type=\"widget\" data-widget_type=\"heading.default\">\n\t\t\t\t<div class=\"elementor-widget-container\">\n\t\t\t\t\t<h1 class=\"elementor-heading-title elementor-size-default\">Rejoindre notre \u00e9quipe<\/h1>\t\t\t\t<\/div>\n\t\t\t\t<\/div>\n\t\t\t\t\t<\/div>\n\t\t<\/div>\n\t\t\t\t\t<\/div>\n\t\t<\/section>\n\t\t\t\t<section class=\"elementor-section elementor-top-section elementor-element elementor-element-9a994c9 elementor-section-boxed elementor-section-height-default elementor-section-height-default\" data-id=\"9a994c9\" data-element_type=\"section\" data-e-type=\"section\">\n\t\t\t\t\t\t<div class=\"elementor-container elementor-column-gap-default\">\n\t\t\t\t\t<div class=\"elementor-column elementor-col-100 elementor-top-column elementor-element elementor-element-f25bfe5\" data-id=\"f25bfe5\" data-element_type=\"column\" data-e-type=\"column\">\n\t\t\t<div class=\"elementor-widget-wrap elementor-element-populated\">\n\t\t\t\t\t\t<div class=\"elementor-element elementor-element-104dd0f elementor-widget elementor-widget-heading\" data-id=\"104dd0f\" data-element_type=\"widget\" data-e-type=\"widget\" data-widget_type=\"heading.default\">\n\t\t\t\t<div class=\"elementor-widget-container\">\n\t\t\t\t\t<h2 class=\"elementor-heading-title elementor-size-default\">Offre d'emploi pour instructeur \/ guide de kayak \u00e0 Menorca<\/h2>\t\t\t\t<\/div>\n\t\t\t\t<\/div>\n\t\t\t\t\t<\/div>\n\t\t<\/div>\n\t\t\t\t\t<\/div>\n\t\t<\/section>\n\t\t\t\t<section class=\"elementor-section elementor-top-section elementor-element elementor-element-dacaefe elementor-section-boxed elementor-section-height-default elementor-section-height-default\" data-id=\"dacaefe\" data-element_type=\"section\" data-e-type=\"section\">\n\t\t\t\t\t\t<div class=\"elementor-container elementor-column-gap-default\">\n\t\t\t\t\t<div class=\"elementor-column elementor-col-100 elementor-top-column elementor-element elementor-element-89e788e\" data-id=\"89e788e\" data-element_type=\"column\" data-e-type=\"column\">\n\t\t\t<div class=\"elementor-widget-wrap elementor-element-populated\">\n\t\t\t\t\t\t<div class=\"elementor-element elementor-element-a42e782 elementor-widget elementor-widget-text-editor\" data-id=\"a42e782\" data-element_type=\"widget\" data-e-type=\"widget\" data-widget_type=\"text-editor.default\">\n\t\t\t\t<div class=\"elementor-widget-container\">\n\t\t\t\t\t\t\t\t\t<p data-start=\"730\" data-end=\"1004\">Au <strong data-start=\"733\" data-end=\"756\">Rutas Kayak Menorca<\/strong> Nous sommes une entreprise familiale fond\u00e9e par deux fr\u00e8res passionn\u00e9s par la mer et notre \u00eele. Nous vivons Minorque intens\u00e9ment et nous aimons la partager avec des gens du monde entier \u00e0 travers des exp\u00e9riences de kayak s\u00fbres, amusantes et m\u00e9morables.<\/p><p data-start=\"1006\" data-end=\"1174\">Si vous \u00eates passionn\u00e9 par les sports de plein air, le contact avec les gens et que vous souhaitez <strong data-start=\"1086\" data-end=\"1138\">travailler comme moniteur ou guide de kayak \u00e0 Minorque<\/strong>, C'est peut-\u00eatre votre chance.<\/p><p data-start=\"1176\" data-end=\"1304\">Notre centre est situ\u00e9 \u00e0 <strong data-start=\"1207\" data-end=\"1225\">Cala en Porter et Es Canutells<\/strong>, sur la c\u00f4te sud de l'\u00eele, d'o\u00f9 partent toutes nos activit\u00e9s.<\/p>\t\t\t\t\t\t\t\t<\/div>\n\t\t\t\t<\/div>\n\t\t\t\t\t<\/div>\n\t\t<\/div>\n\t\t\t\t\t<\/div>\n\t\t<\/section>\n\t\t\t\t<section class=\"elementor-section elementor-top-section elementor-element elementor-element-904324f elementor-section-boxed elementor-section-height-default elementor-section-height-default\" data-id=\"904324f\" data-element_type=\"section\" data-e-type=\"section\">\n\t\t\t\t\t\t<div class=\"elementor-container elementor-column-gap-default\">\n\t\t\t\t\t<div class=\"elementor-column elementor-col-100 elementor-top-column elementor-element elementor-element-c875a34\" data-id=\"c875a34\" data-element_type=\"column\" data-e-type=\"column\">\n\t\t\t<div class=\"elementor-widget-wrap elementor-element-populated\">\n\t\t\t\t\t\t<div class=\"elementor-element elementor-element-838de5b elementor-widget elementor-widget-heading\" data-id=\"838de5b\" data-element_type=\"widget\" data-e-type=\"widget\" data-widget_type=\"heading.default\">\n\t\t\t\t<div class=\"elementor-widget-container\">\n\t\t\t\t\t<h2 class=\"elementor-heading-title elementor-size-default\">Que fait-on \u00e0 Rutas Kayak Menorca ?<\/h2>\t\t\t\t<\/div>\n\t\t\t\t<\/div>\n\t\t\t\t\t<\/div>\n\t\t<\/div>\n\t\t\t\t\t<\/div>\n\t\t<\/section>\n\t\t\t\t<section class=\"elementor-section elementor-top-section elementor-element elementor-element-3e7710a elementor-section-boxed elementor-section-height-default elementor-section-height-default\" data-id=\"3e7710a\" data-element_type=\"section\" data-e-type=\"section\">\n\t\t\t\t\t\t<div class=\"elementor-container elementor-column-gap-default\">\n\t\t\t\t\t<div class=\"elementor-column elementor-col-100 elementor-top-column elementor-element elementor-element-ee1554f\" data-id=\"ee1554f\" data-element_type=\"column\" data-e-type=\"column\">\n\t\t\t<div class=\"elementor-widget-wrap elementor-element-populated\">\n\t\t\t\t\t\t<div class=\"elementor-element elementor-element-c366de2 elementor-widget elementor-widget-text-editor\" data-id=\"c366de2\" data-element_type=\"widget\" data-e-type=\"widget\" data-widget_type=\"text-editor.default\">\n\t\t\t\t<div class=\"elementor-widget-container\">\n\t\t\t\t\t\t\t\t\t<p data-start=\"1352\" data-end=\"1434\">Nous proposons des exp\u00e9riences de kayak de mer adapt\u00e9es \u00e0 diff\u00e9rents profils de clients :<\/p><ul data-start=\"1436\" data-end=\"1775\"><li data-start=\"1436\" data-end=\"1630\"><p data-start=\"1438\" data-end=\"1630\"><strong data-start=\"1438\" data-end=\"1469\">Parcours des grottes en kayak<\/strong><br data-start=\"1469\" data-end=\"1472\" \/>L'une des excursions les plus spectaculaires de la c\u00f4te sud de Minorque, avec des itin\u00e9raires \u00e0 Cala en Porter et Es Canutells, o\u00f9 les clients d\u00e9couvrent des criques, des grottes marines et des coins uniques de la M\u00e9diterran\u00e9e.<\/p><\/li><li data-start=\"1632\" data-end=\"1775\"><p data-start=\"1634\" data-end=\"1775\"><strong data-start=\"1634\" data-end=\"1665\">Location de kayak \u00e0 l'heure<\/strong><br data-start=\"1665\" data-end=\"1668\" \/>Pour ceux qui pr\u00e9f\u00e8rent explorer \u00e0 leur propre rythme, toujours avec des conseils professionnels et dans un environnement s\u00fbr.<\/p><\/li><\/ul>\t\t\t\t\t\t\t\t<\/div>\n\t\t\t\t<\/div>\n\t\t\t\t\t<\/div>\n\t\t<\/div>\n\t\t\t\t\t<\/div>\n\t\t<\/section>\n\t\t\t\t<section class=\"elementor-section elementor-top-section elementor-element elementor-element-b3f2a0f elementor-section-boxed elementor-section-height-default elementor-section-height-default\" data-id=\"b3f2a0f\" data-element_type=\"section\" data-e-type=\"section\">\n\t\t\t\t\t\t<div class=\"elementor-container elementor-column-gap-default\">\n\t\t\t\t\t<div class=\"elementor-column elementor-col-100 elementor-top-column elementor-element elementor-element-65bf2a1\" data-id=\"65bf2a1\" data-element_type=\"column\" data-e-type=\"column\">\n\t\t\t<div class=\"elementor-widget-wrap elementor-element-populated\">\n\t\t\t\t\t\t<div class=\"elementor-element elementor-element-85d9daa elementor-widget elementor-widget-heading\" data-id=\"85d9daa\" data-element_type=\"widget\" data-e-type=\"widget\" data-widget_type=\"heading.default\">\n\t\t\t\t<div class=\"elementor-widget-container\">\n\t\t\t\t\t<h2 class=\"elementor-heading-title elementor-size-default\">Vous souhaitez travailler comme guide de kayak de mer ?<\/h2>\t\t\t\t<\/div>\n\t\t\t\t<\/div>\n\t\t\t\t\t<\/div>\n\t\t<\/div>\n\t\t\t\t\t<\/div>\n\t\t<\/section>\n\t\t\t\t<section class=\"elementor-section elementor-top-section elementor-element elementor-element-582a83f elementor-section-boxed elementor-section-height-default elementor-section-height-default\" data-id=\"582a83f\" data-element_type=\"section\" data-e-type=\"section\">\n\t\t\t\t\t\t<div class=\"elementor-container elementor-column-gap-default\">\n\t\t\t\t\t<div class=\"elementor-column elementor-col-100 elementor-top-column elementor-element elementor-element-091036a\" data-id=\"091036a\" data-element_type=\"column\" data-e-type=\"column\">\n\t\t\t<div class=\"elementor-widget-wrap elementor-element-populated\">\n\t\t\t\t\t\t<div class=\"elementor-element elementor-element-96e84d8 elementor-widget elementor-widget-text-editor\" data-id=\"96e84d8\" data-element_type=\"widget\" data-e-type=\"widget\" data-widget_type=\"text-editor.default\">\n\t\t\t\t<div class=\"elementor-widget-container\">\n\t\t\t\t\t\t\t\t\t<p data-start=\"1835\" data-end=\"2016\">\u00c0 \u00eatre <strong data-start=\"1839\" data-end=\"1877\">Moniteur ou guide de kayak \u00e0 Minorque<\/strong> est un travail aussi gratifiant qu'exigeant. Nous recherchons des personnes responsables, ayant une vocation pour le sport et le tourisme actif, capables de.. :<\/p><ul data-start=\"2018\" data-end=\"2298\"><li data-start=\"2018\" data-end=\"2066\"><p data-start=\"2020\" data-end=\"2066\">Guider des groupes en toute s\u00e9curit\u00e9 dans un kayak de mer<\/p><\/li><li data-start=\"2067\" data-end=\"2117\"><p data-start=\"2069\" data-end=\"2117\">Transmettre la confiance, la proximit\u00e9 et une bonne ambiance.<\/p><\/li><li data-start=\"2118\" data-end=\"2222\"><p data-start=\"2120\" data-end=\"2222\">Fournir des explications claires, int\u00e9ressantes et agr\u00e9ables sur l'itin\u00e9raire, l'environnement naturel et la s\u00e9curit\u00e9.<\/p><\/li><li data-start=\"2223\" data-end=\"2298\"><p data-start=\"2225\" data-end=\"2298\">Maintenir une attitude positive, professionnelle et orient\u00e9e vers le client \u00e0 tout moment.<\/p><\/li><\/ul><p data-start=\"2300\" data-end=\"2451\">Dans notre \u00e9quipe, nous accordons de l'importance \u00e0 la <strong data-start=\"2331\" data-end=\"2352\">travail d'\u00e9quipe<\/strong>, flexibilit\u00e9, volont\u00e9 d'apprendre et surtout, <strong data-start=\"2408\" data-end=\"2450\">le sourire envers les clients et les coll\u00e8gues<\/strong>.<\/p>\t\t\t\t\t\t\t\t<\/div>\n\t\t\t\t<\/div>\n\t\t\t\t\t<\/div>\n\t\t<\/div>\n\t\t\t\t\t<\/div>\n\t\t<\/section>\n\t\t\t\t<section class=\"elementor-section elementor-top-section elementor-element elementor-element-9f31149 elementor-section-boxed elementor-section-height-default elementor-section-height-default\" data-id=\"9f31149\" data-element_type=\"section\" data-e-type=\"section\">\n\t\t\t\t\t\t<div class=\"elementor-container elementor-column-gap-default\">\n\t\t\t\t\t<div class=\"elementor-column elementor-col-100 elementor-top-column elementor-element elementor-element-16ec005\" data-id=\"16ec005\" data-element_type=\"column\" data-e-type=\"column\">\n\t\t\t<div class=\"elementor-widget-wrap elementor-element-populated\">\n\t\t\t\t\t\t<div class=\"elementor-element elementor-element-16ad853 elementor-widget elementor-widget-heading\" data-id=\"16ad853\" data-element_type=\"widget\" data-e-type=\"widget\" data-widget_type=\"heading.default\">\n\t\t\t\t<div class=\"elementor-widget-container\">\n\t\t\t\t\t<h2 class=\"elementor-heading-title elementor-size-default\">Profil recherch\u00e9\n<\/h2>\t\t\t\t<\/div>\n\t\t\t\t<\/div>\n\t\t\t\t\t<\/div>\n\t\t<\/div>\n\t\t\t\t\t<\/div>\n\t\t<\/section>\n\t\t\t\t<section class=\"elementor-section elementor-top-section elementor-element elementor-element-2b81a41 elementor-section-boxed elementor-section-height-default elementor-section-height-default\" data-id=\"2b81a41\" data-element_type=\"section\" data-e-type=\"section\">\n\t\t\t\t\t\t<div class=\"elementor-container elementor-column-gap-default\">\n\t\t\t\t\t<div class=\"elementor-column elementor-col-100 elementor-top-column elementor-element elementor-element-3f13313\" data-id=\"3f13313\" data-element_type=\"column\" data-e-type=\"column\">\n\t\t\t<div class=\"elementor-widget-wrap elementor-element-populated\">\n\t\t\t\t\t\t<div class=\"elementor-element elementor-element-13d8740 elementor-widget elementor-widget-text-editor\" data-id=\"13d8740\" data-element_type=\"widget\" data-e-type=\"widget\" data-widget_type=\"text-editor.default\">\n\t\t\t\t<div class=\"elementor-widget-container\">\n\t\t\t\t\t\t\t\t\t<p data-start=\"2482\" data-end=\"2597\">Pour postuler au poste de <strong data-start=\"2506\" data-end=\"2544\">moniteur de kayak \/ guide \u00e0 Minorque<\/strong>, Les conditions suivantes doivent \u00eatre remplies :<\/p><ul data-start=\"2599\" data-end=\"3147\"><li data-start=\"2599\" data-end=\"2718\"><p data-start=\"2601\" data-end=\"2718\">Disponibilit\u00e9 minimale de <strong data-start=\"2626\" data-end=\"2661\">4 mois (juin \u00e0 septembre)<\/strong>, avec la possibilit\u00e9 d'une continuit\u00e9 dans les saisons \u00e0 venir<\/p><\/li><li data-start=\"2719\" data-end=\"2890\"><p data-start=\"2721\" data-end=\"2777\">Qualifications sportives li\u00e9es au cano\u00eb ou au kayak :<\/p><ul data-start=\"2780\" data-end=\"2890\"><li data-start=\"2780\" data-end=\"2821\"><p data-start=\"2782\" data-end=\"2821\">Technicien du sport niveau I ou II (RFEP)<\/p><\/li><li data-start=\"2824\" data-end=\"2834\"><p data-start=\"2826\" data-end=\"2834\">BCU 3* BCU 3* BCU 3* BCU 3* BCU 3* BCU 3* BCU 3* BCU 3* BCU 3<\/p><\/li><li data-start=\"2837\" data-end=\"2846\"><p data-start=\"2839\" data-end=\"2846\">TAFAD<\/p><\/li><li data-start=\"2849\" data-end=\"2858\"><p data-start=\"2851\" data-end=\"2858\">TSEAS<\/p><\/li><li data-start=\"2861\" data-end=\"2890\"><p data-start=\"2863\" data-end=\"2890\">Ou qualifications \u00e9quivalentes<\/p><\/li><\/ul><\/li><li data-start=\"2891\" data-end=\"2935\"><p data-start=\"2893\" data-end=\"2935\"><strong data-start=\"2893\" data-end=\"2935\">Certificat de premiers secours et de r\u00e9animation cardio-pulmonaire<\/strong><\/p><\/li><li data-start=\"2936\" data-end=\"2976\"><p data-start=\"2938\" data-end=\"2976\">\u00c2ge approximatif entre <strong data-start=\"2960\" data-end=\"2976\">20 et 40 ans<\/strong><\/p><\/li><li data-start=\"2977\" data-end=\"3081\"><p data-start=\"2979\" data-end=\"3010\">Langues au niveau de la conversation :<\/p><ul data-start=\"3013\" data-end=\"3081\"><li data-start=\"3013\" data-end=\"3027\"><p data-start=\"3015\" data-end=\"3027\">Anglais<\/p><\/li><li data-start=\"3030\" data-end=\"3041\"><p data-start=\"3032\" data-end=\"3041\">Catalan<\/p><\/li><li data-start=\"3044\" data-end=\"3054\"><p data-start=\"3046\" data-end=\"3054\">Anglais<\/p><\/li><li data-start=\"3057\" data-end=\"3081\"><p data-start=\"3059\" data-end=\"3081\">Fran\u00e7ais (niveau de base)<\/p><\/li><\/ul><\/li><li data-start=\"3082\" data-end=\"3122\"><p data-start=\"3084\" data-end=\"3122\">Connaissances de base <strong data-start=\"3109\" data-end=\"3122\">bureautique<\/strong><\/p><\/li><li data-start=\"3123\" data-end=\"3147\"><p data-start=\"3125\" data-end=\"3147\"><strong data-start=\"3125\" data-end=\"3147\">Permis de conduire<\/strong><\/p><\/li><\/ul><p data-start=\"3149\" data-end=\"3253\">Une exp\u00e9rience pr\u00e9alable en tant que moniteur de kayak, guide touristique ou dans le cadre d'activit\u00e9s touristiques actives est un atout.<\/p>\t\t\t\t\t\t\t\t<\/div>\n\t\t\t\t<\/div>\n\t\t\t\t\t<\/div>\n\t\t<\/div>\n\t\t\t\t\t<\/div>\n\t\t<\/section>\n\t\t\t\t<section class=\"elementor-section elementor-top-section elementor-element elementor-element-01d89fe elementor-section-boxed elementor-section-height-default elementor-section-height-default\" data-id=\"01d89fe\" data-element_type=\"section\" data-e-type=\"section\">\n\t\t\t\t\t\t<div class=\"elementor-container elementor-column-gap-default\">\n\t\t\t\t\t<div class=\"elementor-column elementor-col-100 elementor-top-column elementor-element elementor-element-6b8c3f7\" data-id=\"6b8c3f7\" data-element_type=\"column\" data-e-type=\"column\">\n\t\t\t<div class=\"elementor-widget-wrap elementor-element-populated\">\n\t\t\t\t\t\t<div class=\"elementor-element elementor-element-6a1e740 elementor-widget elementor-widget-heading\" data-id=\"6a1e740\" data-element_type=\"widget\" data-e-type=\"widget\" data-widget_type=\"heading.default\">\n\t\t\t\t<div class=\"elementor-widget-container\">\n\t\t\t\t\t<h2 class=\"elementor-heading-title elementor-size-default\">Que proposons-nous ?<\/h2>\t\t\t\t<\/div>\n\t\t\t\t<\/div>\n\t\t\t\t\t<\/div>\n\t\t<\/div>\n\t\t\t\t\t<\/div>\n\t\t<\/section>\n\t\t\t\t<section class=\"elementor-section elementor-top-section elementor-element elementor-element-9335b74 elementor-section-boxed elementor-section-height-default elementor-section-height-default\" data-id=\"9335b74\" data-element_type=\"section\" data-e-type=\"section\">\n\t\t\t\t\t\t<div class=\"elementor-container elementor-column-gap-default\">\n\t\t\t\t\t<div class=\"elementor-column elementor-col-100 elementor-top-column elementor-element elementor-element-f6a90dd\" data-id=\"f6a90dd\" data-element_type=\"column\" data-e-type=\"column\">\n\t\t\t<div class=\"elementor-widget-wrap elementor-element-populated\">\n\t\t\t\t\t\t<div class=\"elementor-element elementor-element-6bcce61 elementor-widget elementor-widget-text-editor\" data-id=\"6bcce61\" data-element_type=\"widget\" data-e-type=\"widget\" data-widget_type=\"text-editor.default\">\n\t\t\t\t<div class=\"elementor-widget-container\">\n\t\t\t\t\t\t\t\t\t<ul><li data-start=\"3280\" data-end=\"3330\"><p data-start=\"3282\" data-end=\"3330\">Travailler dans un environnement naturel unique \u00e0 Minorque<\/p><\/li><li data-start=\"3331\" data-end=\"3387\"><p data-start=\"3333\" data-end=\"3387\">Un bon environnement de travail au sein d'une petite \u00e9quipe soud\u00e9e<\/p><\/li><li data-start=\"3388\" data-end=\"3447\"><p data-start=\"3390\" data-end=\"3447\">Formation sp\u00e9cifique sur nos itin\u00e9raires et notre m\u00e9thodologie<\/p><\/li><li data-start=\"3448\" data-end=\"3500\"><p data-start=\"3450\" data-end=\"3500\">Possibilit\u00e9 de continuit\u00e9 dans les saisons \u00e0 venir<\/p><\/li><li data-start=\"3501\" data-end=\"3591\"><p data-start=\"3503\" data-end=\"3591\">Exp\u00e9rience professionnelle tr\u00e8s appr\u00e9ci\u00e9e dans le secteur du tourisme actif et des sports nautiques.<\/p><\/li><\/ul>\t\t\t\t\t\t\t\t<\/div>\n\t\t\t\t<\/div>\n\t\t\t\t\t<\/div>\n\t\t<\/div>\n\t\t\t\t\t<\/div>\n\t\t<\/section>\n\t\t\t\t<section class=\"elementor-section elementor-top-section elementor-element elementor-element-b0ea208 elementor-section-boxed elementor-section-height-default elementor-section-height-default\" data-id=\"b0ea208\" data-element_type=\"section\" data-e-type=\"section\">\n\t\t\t\t\t\t<div class=\"elementor-container elementor-column-gap-default\">\n\t\t\t\t\t<div class=\"elementor-column elementor-col-100 elementor-top-column elementor-element elementor-element-c0313d5\" data-id=\"c0313d5\" data-element_type=\"column\" data-e-type=\"column\">\n\t\t\t<div class=\"elementor-widget-wrap elementor-element-populated\">\n\t\t\t\t\t\t<div class=\"elementor-element elementor-element-ad46e7b elementor-widget elementor-widget-heading\" data-id=\"ad46e7b\" data-element_type=\"widget\" data-e-type=\"widget\" data-widget_type=\"heading.default\">\n\t\t\t\t<div class=\"elementor-widget-container\">\n\t\t\t\t\t<h2 class=\"elementor-heading-title elementor-size-default\">Comment postuler ?<\/h2>\t\t\t\t<\/div>\n\t\t\t\t<\/div>\n\t\t\t\t\t<\/div>\n\t\t<\/div>\n\t\t\t\t\t<\/div>\n\t\t<\/section>\n\t\t\t\t<section class=\"elementor-section elementor-top-section elementor-element elementor-element-9c8108c elementor-section-boxed elementor-section-height-default elementor-section-height-default\" data-id=\"9c8108c\" data-element_type=\"section\" data-e-type=\"section\">\n\t\t\t\t\t\t<div class=\"elementor-container elementor-column-gap-default\">\n\t\t\t\t\t<div class=\"elementor-column elementor-col-100 elementor-top-column elementor-element elementor-element-f93ebce\" data-id=\"f93ebce\" data-element_type=\"column\" data-e-type=\"column\">\n\t\t\t<div class=\"elementor-widget-wrap elementor-element-populated\">\n\t\t\t\t\t\t<div class=\"elementor-element elementor-element-44f4544 elementor-widget elementor-widget-text-editor\" data-id=\"44f4544\" data-element_type=\"widget\" data-e-type=\"widget\" data-widget_type=\"text-editor.default\">\n\t\t\t\t<div class=\"elementor-widget-container\">\n\t\t\t\t\t\t\t\t\t<p data-start=\"3631\" data-end=\"3740\">Si vous \u00eates vraiment int\u00e9ress\u00e9 par <strong data-start=\"3666\" data-end=\"3718\">travailler comme moniteur ou guide de kayak \u00e0 Minorque<\/strong>, Veuillez nous envoyer un courriel \u00e0 l'adresse suivante<\/p><p data-start=\"3742\" data-end=\"3775\"><img decoding=\"async\" class=\"emoji\" role=\"img\" draggable=\"false\" src=\"https:\/\/s.w.org\/images\/core\/emoji\/17.0.2\/svg\/1f4e9.svg\" alt=\"\ud83d\udce9\" \/> <strong data-start=\"3745\" data-end=\"3775\"><a href=\"mailto:info@rutaskayakmenorca.com\">info@rutaskayakmenorca.com<\/a><\/strong><\/p><p data-start=\"3777\" data-end=\"3788\">Y compris :<\/p><ul data-start=\"3790\" data-end=\"3972\"><li data-start=\"3790\" data-end=\"3841\"><p data-start=\"3792\" data-end=\"3841\"><strong data-start=\"3792\" data-end=\"3812\">Curriculum Vitae<\/strong>, avec formation et exp\u00e9rience<\/p><\/li><li data-start=\"3842\" data-end=\"3950\"><p data-start=\"3844\" data-end=\"3950\"><strong data-start=\"3844\" data-end=\"3869\">Lettre de motivation<\/strong>, expliquer votre exp\u00e9rience et pourquoi vous aimeriez travailler chez Rutas Kayak Menorca<\/p><\/li><li data-start=\"3951\" data-end=\"3972\"><p data-start=\"3953\" data-end=\"3972\"><strong data-start=\"3953\" data-end=\"3972\">Une photo actuelle<\/strong><\/p><\/li><\/ul>\t\t\t\t\t\t\t\t<\/div>\n\t\t\t\t<\/div>\n\t\t\t\t\t<\/div>\n\t\t<\/div>\n\t\t\t\t\t<\/div>\n\t\t<\/section>\n\t\t\t\t<\/div>","protected":false},"excerpt":{"rendered":"<p>\u00danete a nuestro equipo Oferta de empleo de Monitor \/ Gu\u00eda de kayak en Menorca En Rutas Kayak Menorca somos una empresa familiar fundada por dos hermanos apasionados por el mar y por nuestra isla. Vivimos Menorca intensamente y nos encanta compartirla con personas de todo el mundo a trav\u00e9s de experiencias en kayak seguras, [&hellip;]<\/p>\n","protected":false},"author":1,"featured_media":0,"parent":0,"menu_order":0,"comment_status":"closed","ping_status":"closed","template":"elementor_header_footer","meta":{"_joinchat":[],"footnotes":""},"class_list":["post-1912","page","type-page","status-publish","hentry"],"_links":{"self":[{"href":"https:\/\/www.rutaskayakmenorca.com\/fr\/wp-json\/wp\/v2\/pages\/1912","targetHints":{"allow":["GET"]}}],"collection":[{"href":"https:\/\/www.rutaskayakmenorca.com\/fr\/wp-json\/wp\/v2\/pages"}],"about":[{"href":"https:\/\/www.rutaskayakmenorca.com\/fr\/wp-json\/wp\/v2\/types\/page"}],"author":[{"embeddable":true,"href":"https:\/\/www.rutaskayakmenorca.com\/fr\/wp-json\/wp\/v2\/users\/1"}],"replies":[{"embeddable":true,"href":"https:\/\/www.rutaskayakmenorca.com\/fr\/wp-json\/wp\/v2\/comments?post=1912"}],"version-history":[{"count":28,"href":"https:\/\/www.rutaskayakmenorca.com\/fr\/wp-json\/wp\/v2\/pages\/1912\/revisions"}],"predecessor-version":[{"id":4244,"href":"https:\/\/www.rutaskayakmenorca.com\/fr\/wp-json\/wp\/v2\/pages\/1912\/revisions\/4244"}],"wp:attachment":[{"href":"https:\/\/www.rutaskayakmenorca.com\/fr\/wp-json\/wp\/v2\/media?parent=1912"}],"curies":[{"name":"wp","href":"https:\/\/api.w.org\/{rel}","templated":true}]}}